{"id":153,"date":"2017-08-03T16:58:34","date_gmt":"2017-08-03T14:58:34","guid":{"rendered":"http:\/\/www.deslionsetdeshommes.com\/?page_id=153"},"modified":"2021-03-09T18:59:57","modified_gmt":"2021-03-09T17:59:57","slug":"categoryaudeladulivre","status":"publish","type":"page","link":"https:\/\/www.deslionsetdeshommes.com\/index.php\/categoryaudeladulivre\/","title":{"rendered":"Au-del\u00e0 du livre"},"content":{"rendered":"<h2><img decoding=\"async\" loading=\"lazy\" class=\"alignnone wp-image-278 size-thumbnail\" src=\"http:\/\/www.deslionsetdeshommes.com\/wp-content\/uploads\/2017\/11\/homme-et-tigre-150x150.jpg\" alt=\"\" width=\"150\" height=\"150\" srcset=\"https:\/\/www.deslionsetdeshommes.com\/wp-content\/uploads\/2017\/11\/homme-et-tigre-150x150.jpg 150w, https:\/\/www.deslionsetdeshommes.com\/wp-content\/uploads\/2017\/11\/homme-et-tigre-510x510.jpg 510w\" sizes=\"(max-width: 150px) 100vw, 150px\" \/><\/h2>\n<h2>\u00e9criture du tome 2 : inspirations et actus<\/h2>\n<p><a href=\"http:\/\/www.deslionsetdeshommes.com\/index.php\/2017\/11\/30\/ecriture-du-tome-2-inspirations-et-actus\/\">Lire l&#8217;article<\/a><\/p>\n<h2><img decoding=\"async\" loading=\"lazy\" class=\"alignnone wp-image-156 size-thumbnail\" src=\"http:\/\/www.deslionsetdeshommes.com\/wp-content\/uploads\/2017\/08\/38e8e9d1-1e8d-40d1-81fa-591c9d112029-150x150.jpg\" alt=\"\" width=\"150\" height=\"150\" srcset=\"https:\/\/www.deslionsetdeshommes.com\/wp-content\/uploads\/2017\/08\/38e8e9d1-1e8d-40d1-81fa-591c9d112029-150x150.jpg 150w, https:\/\/www.deslionsetdeshommes.com\/wp-content\/uploads\/2017\/08\/38e8e9d1-1e8d-40d1-81fa-591c9d112029-510x510.jpg 510w\" sizes=\"(max-width: 150px) 100vw, 150px\" \/><br \/>\nLaurent Baheux &#8211; Photographe animalier<\/h2>\n<p><a href=\"http:\/\/www.deslionsetdeshommes.com\/index.php\/2017\/08\/03\/article-3\/\">Interview <\/a>&#8211; <a href=\"http:\/\/www.laurentbaheux.com\" target=\"_blank\" rel=\"noopener noreferrer\">son site<\/a><\/p>\n<p>&nbsp;<\/p>\n<h2><img decoding=\"async\" loading=\"lazy\" class=\"alignnone wp-image-189 size-thumbnail\" src=\"http:\/\/www.deslionsetdeshommes.com\/wp-content\/uploads\/2017\/08\/articleblog1-150x150.jpg\" alt=\"\" width=\"150\" height=\"150\"><br \/>\nLe refuge de Valr\u00eave et la r\u00e9alit\u00e9&nbsp;: quelques sanctuaires animaliers<\/h2>\n<p><a href=\"http:\/\/www.deslionsetdeshommes.com\/index.php\/2017\/08\/03\/sanctuaires-animaliers\/\">Lire l&#8217;article<\/a><\/p>\n<p>&nbsp;<\/p>\n<h2><img decoding=\"async\" loading=\"lazy\" class=\"alignnone wp-image-190 size-thumbnail\" src=\"http:\/\/www.deslionsetdeshommes.com\/wp-content\/uploads\/2017\/08\/zdflogo_1-150x113.jpg\" alt=\"\" width=\"150\" height=\"113\"><br \/>\nLa loi fran\u00e7aise r\u00e9glemente les parcs animaliers<\/h2>\n<p><a href=\"http:\/\/www.deslionsetdeshommes.com\/index.php\/2017\/08\/03\/reglementationzoo\/\">Lire l&#8217;article<\/a><\/p>\n<p>&nbsp;<\/p>\n<p><img decoding=\"async\" loading=\"lazy\" class=\"alignnone wp-image-227 size-thumbnail\" src=\"http:\/\/www.deslionsetdeshommes.com\/wp-content\/uploads\/2017\/10\/logo2013-small-150x150.png\" alt=\"\" width=\"150\" height=\"150\" srcset=\"https:\/\/www.deslionsetdeshommes.com\/wp-content\/uploads\/2017\/10\/logo2013-small-150x150.png 150w, https:\/\/www.deslionsetdeshommes.com\/wp-content\/uploads\/2017\/10\/logo2013-small-300x300.png 300w, https:\/\/www.deslionsetdeshommes.com\/wp-content\/uploads\/2017\/10\/logo2013-small.png 500w\" sizes=\"(max-width: 150px) 100vw, 150px\" \/><br \/>\nL&#8217;association francophone des soigneurs animaliers<\/p>\n<p><a href=\"http:\/\/www.deslionsetdeshommes.com\/index.php\/2017\/10\/02\/lassociation-francophone-des-soigneurs-animaliers\/\">Lire l&#8217;article<\/a><\/p>\n<p>&nbsp;<\/p>\n<p>&nbsp;<\/p>\n<p><img decoding=\"async\" loading=\"lazy\" class=\"alignnone size-medium wp-image-298\" src=\"http:\/\/www.deslionsetdeshommes.com\/wp-content\/uploads\/2018\/03\/sauvage-204x300.jpeg\" alt=\"\" width=\"204\" height=\"300\" srcset=\"https:\/\/www.deslionsetdeshommes.com\/wp-content\/uploads\/2018\/03\/sauvage-204x300.jpeg 204w, https:\/\/www.deslionsetdeshommes.com\/wp-content\/uploads\/2018\/03\/sauvage-768x1127.jpeg 768w, https:\/\/www.deslionsetdeshommes.com\/wp-content\/uploads\/2018\/03\/sauvage-698x1024.jpeg 698w, https:\/\/www.deslionsetdeshommes.com\/wp-content\/uploads\/2018\/03\/sauvage.jpeg 1239w\" sizes=\"(max-width: 204px) 100vw, 204px\" \/><img decoding=\"async\" loading=\"lazy\" class=\"alignnone size-medium wp-image-297\" style=\"background-color: transparent; color: #333333; font-family: &amp;quot; josefin sans&amp;quot;; font-size: 13.93px; font-style: normal; font-variant: normal; font-weight: bold; height: 300px; letter-spacing: normal; max-width: 556px; orphans: 2; outline-color: #72777c; outline-style: solid; outline-width: 1px; text-align: left; text-decoration: none; text-indent: 0px; text-transform: none; -webkit-text-stroke-width: 0px; white-space: normal; word-spacing: 0px;\" src=\"http:\/\/www.deslionsetdeshommes.com\/wp-content\/uploads\/2018\/03\/PicsArt_12-25-11.26.00-198x300.jpg\" alt=\"\" width=\"198\" height=\"300\" srcset=\"https:\/\/www.deslionsetdeshommes.com\/wp-content\/uploads\/2018\/03\/PicsArt_12-25-11.26.00-198x300.jpg 198w, https:\/\/www.deslionsetdeshommes.com\/wp-content\/uploads\/2018\/03\/PicsArt_12-25-11.26.00-768x1165.jpg 768w, https:\/\/www.deslionsetdeshommes.com\/wp-content\/uploads\/2018\/03\/PicsArt_12-25-11.26.00-675x1024.jpg 675w, https:\/\/www.deslionsetdeshommes.com\/wp-content\/uploads\/2018\/03\/PicsArt_12-25-11.26.00.jpg 828w\" sizes=\"(max-width: 198px) 100vw, 198px\" \/><\/p>\n<p>Illustrations : Sabrina Lemari\u00e9<\/p>\n<p>&nbsp;<\/p>\n<p><img decoding=\"async\" loading=\"lazy\" class=\"alignnone size-medium wp-image-300\" src=\"http:\/\/www.deslionsetdeshommes.com\/wp-content\/uploads\/2017\/08\/received_1554969934622499-1-300x300.jpg\" alt=\"\" width=\"300\" height=\"300\" srcset=\"https:\/\/www.deslionsetdeshommes.com\/wp-content\/uploads\/2017\/08\/received_1554969934622499-1-300x300.jpg 300w, https:\/\/www.deslionsetdeshommes.com\/wp-content\/uploads\/2017\/08\/received_1554969934622499-1-150x150.jpg 150w, https:\/\/www.deslionsetdeshommes.com\/wp-content\/uploads\/2017\/08\/received_1554969934622499-1-768x768.jpg 768w, https:\/\/www.deslionsetdeshommes.com\/wp-content\/uploads\/2017\/08\/received_1554969934622499-1-1024x1024.jpg 1024w, https:\/\/www.deslionsetdeshommes.com\/wp-content\/uploads\/2017\/08\/received_1554969934622499-1-510x510.jpg 510w, https:\/\/www.deslionsetdeshommes.com\/wp-content\/uploads\/2017\/08\/received_1554969934622499-1.jpg 1080w\" sizes=\"(max-width: 300px) 100vw, 300px\" \/><\/p>\n<p>Illustration : Emmanuelle Halgand<\/p>\n<p>&nbsp;<\/p>\n","protected":false},"excerpt":{"rendered":"<p>\u00e9criture du tome 2 : inspirations et actus Lire l&#8217;article Laurent Baheux &#8211; Photographe animalier Interview &#8211; son site &nbsp; Le refuge de Valr\u00eave et la r\u00e9alit\u00e9&nbsp;: quelques sanctuaires animaliers Lire l&#8217;article &nbsp; La loi fran\u00e7aise r\u00e9glemente les parcs animaliers Lire l&#8217;article &nbsp; L&#8217;association francophone des soigneurs animaliers Lire l&#8217;article &nbsp; &nbsp; Illustrations : Sabrina [&hellip;]<\/p>\n","protected":false},"author":1,"featured_media":178,"parent":0,"menu_order":2,"comment_status":"closed","ping_status":"closed","template":"","meta":{"ngg_post_thumbnail":0,"spay_email":""},"jetpack_sharing_enabled":true,"jetpack_shortlink":"https:\/\/wp.me\/PamNou-2t","_links":{"self":[{"href":"https:\/\/www.deslionsetdeshommes.com\/index.php\/wp-json\/wp\/v2\/pages\/153"}],"collection":[{"href":"https:\/\/www.deslionsetdeshommes.com\/index.php\/wp-json\/wp\/v2\/pages"}],"about":[{"href":"https:\/\/www.deslionsetdeshommes.com\/index.php\/wp-json\/wp\/v2\/types\/page"}],"author":[{"embeddable":true,"href":"https:\/\/www.deslionsetdeshommes.com\/index.php\/wp-json\/wp\/v2\/users\/1"}],"replies":[{"embeddable":true,"href":"https:\/\/www.deslionsetdeshommes.com\/index.php\/wp-json\/wp\/v2\/comments?post=153"}],"version-history":[{"count":17,"href":"https:\/\/www.deslionsetdeshommes.com\/index.php\/wp-json\/wp\/v2\/pages\/153\/revisions"}],"predecessor-version":[{"id":499,"href":"https:\/\/www.deslionsetdeshommes.com\/index.php\/wp-json\/wp\/v2\/pages\/153\/revisions\/499"}],"wp:featuredmedia":[{"embeddable":true,"href":"https:\/\/www.deslionsetdeshommes.com\/index.php\/wp-json\/wp\/v2\/media\/178"}],"wp:attachment":[{"href":"https:\/\/www.deslionsetdeshommes.com\/index.php\/wp-json\/wp\/v2\/media?parent=153"}],"curies":[{"name":"wp","href":"https:\/\/api.w.org\/{rel}","templated":true}]}}