{"id":398,"date":"2018-10-19T10:53:21","date_gmt":"2018-10-19T08:53:21","guid":{"rendered":"http:\/\/www.deslionsetdeshommes.com\/?page_id=398"},"modified":"2018-10-19T11:26:31","modified_gmt":"2018-10-19T09:26:31","slug":"resumes","status":"publish","type":"page","link":"https:\/\/www.deslionsetdeshommes.com\/index.php\/les-livres\/resumes\/","title":{"rendered":"R\u00e9sum\u00e9s"},"content":{"rendered":"\t\t<div data-elementor-type=\"wp-post\" data-elementor-id=\"398\" class=\"elementor elementor-398 elementor-bc-flex-widget\" data-elementor-settings=\"[]\">\n\t\t\t\t\t\t<div class=\"elementor-inner\">\n\t\t\t\t\t\t\t<div class=\"elementor-section-wrap\">\n\t\t\t\t\t\t\t<section class=\"elementor-section elementor-top-section elementor-element elementor-element-73a6da8 elementor-section-boxed elementor-section-height-default elementor-section-height-default\" data-id=\"73a6da8\" data-element_type=\"section\">\n\t\t\t\t\t\t<div class=\"elementor-container elementor-column-gap-default\">\n\t\t\t\t\t\t\t<div class=\"elementor-row\">\n\t\t\t\t\t<div class=\"elementor-column elementor-col-100 elementor-top-column elementor-element elementor-element-2bd0fa5\" data-id=\"2bd0fa5\" data-element_type=\"column\">\n\t\t\t<div class=\"elementor-column-wrap elementor-element-populated\">\n\t\t\t\t\t\t\t<div class=\"elementor-widget-wrap\">\n\t\t\t\t\t\t<div class=\"elementor-element elementor-element-52f86f3 elementor-widget elementor-widget-image\" data-id=\"52f86f3\" data-element_type=\"widget\" data-widget_type=\"image.default\">\n\t\t\t\t<div class=\"elementor-widget-container\">\n\t\t\t\t\t\t\t\t<div class=\"elementor-image\">\n\t\t\t\t\t\t\t\t\t\t\t\t<img width=\"1347\" height=\"903\" src=\"https:\/\/www.deslionsetdeshommes.com\/wp-content\/uploads\/2018\/10\/lions_hommes_banniere2.jpg\" class=\"attachment-full size-full\" alt=\"\" decoding=\"async\" loading=\"lazy\" srcset=\"https:\/\/www.deslionsetdeshommes.com\/wp-content\/uploads\/2018\/10\/lions_hommes_banniere2.jpg 1347w, https:\/\/www.deslionsetdeshommes.com\/wp-content\/uploads\/2018\/10\/lions_hommes_banniere2-300x201.jpg 300w, https:\/\/www.deslionsetdeshommes.com\/wp-content\/uploads\/2018\/10\/lions_hommes_banniere2-768x515.jpg 768w, https:\/\/www.deslionsetdeshommes.com\/wp-content\/uploads\/2018\/10\/lions_hommes_banniere2-1024x686.jpg 1024w\" sizes=\"(max-width: 1347px) 100vw, 1347px\" \/>\t\t\t\t\t\t\t\t\t\t\t\t\t\t<\/div>\n\t\t\t\t\t\t<\/div>\n\t\t\t\t<\/div>\n\t\t\t\t\t\t<\/div>\n\t\t\t\t\t<\/div>\n\t\t<\/div>\n\t\t\t\t\t\t\t\t<\/div>\n\t\t\t\t\t<\/div>\n\t\t<\/section>\n\t\t\t\t<section class=\"elementor-section elementor-top-section elementor-element elementor-element-c1029bf elementor-section-boxed elementor-section-height-default elementor-section-height-default\" data-id=\"c1029bf\" data-element_type=\"section\">\n\t\t\t\t\t\t<div class=\"elementor-container elementor-column-gap-default\">\n\t\t\t\t\t\t\t<div class=\"elementor-row\">\n\t\t\t\t\t<div class=\"elementor-column elementor-col-50 elementor-top-column elementor-element elementor-element-0cae760 elementor-invisible\" data-id=\"0cae760\" data-element_type=\"column\" data-settings=\"{&quot;animation&quot;:&quot;fadeInLeft&quot;}\">\n\t\t\t<div class=\"elementor-column-wrap elementor-element-populated\">\n\t\t\t\t\t\t\t<div class=\"elementor-widget-wrap\">\n\t\t\t\t\t\t<div class=\"elementor-element elementor-element-fd9c95d elementor-widget elementor-widget-text-editor\" data-id=\"fd9c95d\" data-element_type=\"widget\" data-widget_type=\"text-editor.default\">\n\t\t\t\t<div class=\"elementor-widget-container\">\n\t\t\t\t\t\t\t\t<div class=\"elementor-text-editor elementor-clearfix\">\n\t\t\t\t\t<h2 style=\"text-align: center; font-size: 3em;\">Le refuge de Valr\u00eave<\/h2>\t\t\t\t\t<\/div>\n\t\t\t\t\t\t<\/div>\n\t\t\t\t<\/div>\n\t\t\t\t<div class=\"elementor-element elementor-element-85bc68a elementor-widget elementor-widget-text-editor\" data-id=\"85bc68a\" data-element_type=\"widget\" data-widget_type=\"text-editor.default\">\n\t\t\t\t<div class=\"elementor-widget-container\">\n\t\t\t\t\t\t\t\t<div class=\"elementor-text-editor elementor-clearfix\">\n\t\t\t\t\t<p style=\"font-size: 16px; text-align: center;\">Suite \u00e0 la mort de leur m\u00e8re, Jawau, Izia et leur p\u00e8re, le Dr Beaucaire, qui vivaient jusque-l\u00e0 au Kenya, dans la r\u00e9serve naturelle de Wild Field, s\u2019installent en France, en Normandie.<br \/> Ils sont h\u00e9berg\u00e9s chez des cousins, Hugues et Madeline Payens, propri\u00e9taires d\u2019un refuge pour animaux sauvages\u00a0: Valr\u00eave.<\/p><p style=\"font-size: 16px; text-align: center;\">Valr\u00eave n\u2019est pas un zoo mais un sanctuaire\u00a0: lions, loups, \u00e9l\u00e9phants, chevaux et autres animaux y sont soign\u00e9s et, par la suite, si cela est possible, r\u00e9introduits dans leur milieu d\u2019origine.<br \/> Tandis que le Dr Beaucaire, qui est v\u00e9t\u00e9rinaire, travaille \u00e0 Valr\u00eave, Jawau et Izia ont du mal \u00e0 s\u2019adapter \u00e0 leur nouvelle existence. N\u00e9anmoins, aimant passionn\u00e9ment les animaux, ils essaient de se rendre utiles en attendant la rentr\u00e9e scolaire.<\/p><p style=\"font-size: 16px; text-align: center;\">Petit \u00e0 petit, ils d\u00e9couvrent les secrets du refuge\u00a0: Glia, une lionne, leur para\u00eet \u00e9trangement famili\u00e8re\u00a0; une accusation de maltraitance met le refuge en p\u00e9ril\u00a0; une l\u00e9gende raconte qu\u2019un tr\u00e9sor se cache dans la for\u00eat, \u00e0 c\u00f4t\u00e9 de Valr\u00eave\u00a0! \u00a0Un tr\u00e9sor qui appartenait aux chevaliers des Templiers\u2026<\/p>\t\t\t\t\t<\/div>\n\t\t\t\t\t\t<\/div>\n\t\t\t\t<\/div>\n\t\t\t\t<section class=\"elementor-section elementor-inner-section elementor-element elementor-element-7720035 elementor-section-boxed elementor-section-height-default elementor-section-height-default\" data-id=\"7720035\" data-element_type=\"section\">\n\t\t\t\t\t\t<div class=\"elementor-container elementor-column-gap-default\">\n\t\t\t\t\t\t\t<div class=\"elementor-row\">\n\t\t\t\t\t<div class=\"elementor-column elementor-col-100 elementor-inner-column elementor-element elementor-element-a43e1e6\" data-id=\"a43e1e6\" data-element_type=\"column\">\n\t\t\t<div class=\"elementor-column-wrap elementor-element-populated\">\n\t\t\t\t\t\t\t<div class=\"elementor-widget-wrap\">\n\t\t\t\t\t\t<div class=\"elementor-element elementor-element-502a82c elementor-widget elementor-widget-text-editor\" data-id=\"502a82c\" data-element_type=\"widget\" data-widget_type=\"text-editor.default\">\n\t\t\t\t<div class=\"elementor-widget-container\">\n\t\t\t\t\t\t\t\t<div class=\"elementor-text-editor elementor-clearfix\">\n\t\t\t\t\t<div style=\"font-size: 15px; background-color: #ebebeb; border-radius: 20px; box-shadow: 3px 5px 15px #aaaaaa;\"><p>Auteur :\u00a0Anouk Journo-Durey<br \/> Illustrateur\u00a0: Christopher Evans<br \/> Paru en octobre 2017<br \/> Prix : \u00a015.90 \u20ac<\/p><\/div>\t\t\t\t\t<\/div>\n\t\t\t\t\t\t<\/div>\n\t\t\t\t<\/div>\n\t\t\t\t\t\t<\/div>\n\t\t\t\t\t<\/div>\n\t\t<\/div>\n\t\t\t\t\t\t\t\t<\/div>\n\t\t\t\t\t<\/div>\n\t\t<\/section>\n\t\t\t\t\t\t<\/div>\n\t\t\t\t\t<\/div>\n\t\t<\/div>\n\t\t\t\t<div class=\"elementor-column elementor-col-50 elementor-top-column elementor-element elementor-element-bad17cc elementor-invisible\" data-id=\"bad17cc\" data-element_type=\"column\" data-settings=\"{&quot;animation&quot;:&quot;fadeInRight&quot;}\">\n\t\t\t<div class=\"elementor-column-wrap elementor-element-populated\">\n\t\t\t\t\t\t\t<div class=\"elementor-widget-wrap\">\n\t\t\t\t\t\t<div class=\"elementor-element elementor-element-7160b40 elementor-widget elementor-widget-text-editor\" data-id=\"7160b40\" data-element_type=\"widget\" data-widget_type=\"text-editor.default\">\n\t\t\t\t<div class=\"elementor-widget-container\">\n\t\t\t\t\t\t\t\t<div class=\"elementor-text-editor elementor-clearfix\">\n\t\t\t\t\t<h2 style=\"text-align: center; font-size:3em;\">Nouveaux d\u00e9fis \u00e0 Valr\u00eave<\/h2>\t\t\t\t\t<\/div>\n\t\t\t\t\t\t<\/div>\n\t\t\t\t<\/div>\n\t\t\t\t<div class=\"elementor-element elementor-element-81cfb8b elementor-widget elementor-widget-text-editor\" data-id=\"81cfb8b\" data-element_type=\"widget\" data-widget_type=\"text-editor.default\">\n\t\t\t\t<div class=\"elementor-widget-container\">\n\t\t\t\t\t\t\t\t<div class=\"elementor-text-editor elementor-clearfix\">\n\t\t\t\t\t<p style=\"font-size: 16px; text-align: center;\">Au refuge de Valr\u00eave, Jawau se rapproche de plus en plus de la lionne Gala et de ses trois lionceaux. Il nourrit un r\u00eave secret&#8230;<\/p><p style=\"font-size: 16px; text-align: center;\">Sa soeur Izia s&#8217;occupe des \u00e2nes et des chevaux pour atteindre son objectif : monter une animation p\u00e9dagogique pour le printemps suivant.<\/p><p style=\"font-size: 16px; text-align: center;\">Jawau et Izia commencent aussi \u00e0 chercher le tr\u00e9sor appartenant aux Templiers, non\u00a0sans difficult\u00e9s. A cette occasion, ils d\u00e9couvrent deux chatons sans famille&#8230;<\/p><p style=\"font-size: 16px; text-align: center;\">Les f\u00eates de fin d&#8217;ann\u00e9e approchent, Jawau et Izia voient la neige pour la premi\u00e8re fois et les bonnes surprises ne s&#8217;arr\u00eatent pas l\u00e0\u00a0!<\/p><p style=\"font-size: 16px; text-align: center;\">Ainsi, un lionceau doit \u00eatre accueilli d&#8217;urgence au refuge&#8230;<\/p><p>\u00a0<\/p><p style=\"font-size: 16px; text-align: center;\"><strong><em>Ce roman comporte un entretien in\u00e9dit avec Paul de la Panouse, fondateur de la r\u00e9serve africaine du ch\u00e2teau de Thoiry.<\/em><\/strong><\/p>\t\t\t\t\t<\/div>\n\t\t\t\t\t\t<\/div>\n\t\t\t\t<\/div>\n\t\t\t\t<section class=\"elementor-section elementor-inner-section elementor-element elementor-element-378528d elementor-section-boxed elementor-section-height-default elementor-section-height-default\" data-id=\"378528d\" data-element_type=\"section\">\n\t\t\t\t\t\t<div class=\"elementor-container elementor-column-gap-default\">\n\t\t\t\t\t\t\t<div class=\"elementor-row\">\n\t\t\t\t\t<div class=\"elementor-column elementor-col-100 elementor-inner-column elementor-element elementor-element-681e0ed\" data-id=\"681e0ed\" data-element_type=\"column\">\n\t\t\t<div class=\"elementor-column-wrap elementor-element-populated\">\n\t\t\t\t\t\t\t<div class=\"elementor-widget-wrap\">\n\t\t\t\t\t\t<div class=\"elementor-element elementor-element-93653e2 elementor-widget elementor-widget-text-editor\" data-id=\"93653e2\" data-element_type=\"widget\" data-widget_type=\"text-editor.default\">\n\t\t\t\t<div class=\"elementor-widget-container\">\n\t\t\t\t\t\t\t\t<div class=\"elementor-text-editor elementor-clearfix\">\n\t\t\t\t\t<div style=\"font-size: 15px; background-color: #ebebeb; border-radius: 20px; box-shadow: 3px 5px 15px #aaaaaa;\"><p style=\"text-align: center;\">Auteur :\u00a0Anouk Journo-Durey<br \/> Illustrateur\u00a0: Christopher Evans<br \/> Paru en juin 2018<br \/> Prix : \u00a015.90 \u20ac<\/p><\/div>\t\t\t\t\t<\/div>\n\t\t\t\t\t\t<\/div>\n\t\t\t\t<\/div>\n\t\t\t\t\t\t<\/div>\n\t\t\t\t\t<\/div>\n\t\t<\/div>\n\t\t\t\t\t\t\t\t<\/div>\n\t\t\t\t\t<\/div>\n\t\t<\/section>\n\t\t\t\t\t\t<\/div>\n\t\t\t\t\t<\/div>\n\t\t<\/div>\n\t\t\t\t\t\t\t\t<\/div>\n\t\t\t\t\t<\/div>\n\t\t<\/section>\n\t\t\t\t<section class=\"elementor-section elementor-top-section elementor-element elementor-element-f4c5b1b elementor-section-boxed elementor-section-height-default elementor-section-height-default\" data-id=\"f4c5b1b\" data-element_type=\"section\">\n\t\t\t\t\t\t<div class=\"elementor-container elementor-column-gap-default\">\n\t\t\t\t\t\t\t<div class=\"elementor-row\">\n\t\t\t\t\t<div class=\"elementor-column elementor-col-100 elementor-top-column elementor-element elementor-element-665e803\" data-id=\"665e803\" data-element_type=\"column\">\n\t\t\t<div class=\"elementor-column-wrap elementor-element-populated\">\n\t\t\t\t\t\t\t<div class=\"elementor-widget-wrap\">\n\t\t\t\t\t\t<div class=\"elementor-element elementor-element-869577a elementor-widget elementor-widget-text-editor\" data-id=\"869577a\" data-element_type=\"widget\" data-widget_type=\"text-editor.default\">\n\t\t\t\t<div class=\"elementor-widget-container\">\n\t\t\t\t\t\t\t\t<div class=\"elementor-text-editor elementor-clearfix\">\n\t\t\t\t\t<h2 style=\"text-align: center; color: #864d22; font-size: 35px;\">Un tome 3 \u00e9tait initialement pr\u00e9vu&#8230; Malheureusement, il ne verra pas le jour. L&#8217;auteure et son editeur en sont tr\u00e8s tristes. Nous r\u00e9fl\u00e9chissons au meilleur moyen de vous transmettre, \u00e0 vous lecteurs, la fin de l&#8217;histoire : sur ce site, fort probablement. Gardez l&#8217;oeil alerte ! A tr\u00e8s bient\u00f4t&#8230;<\/h2>\t\t\t\t\t<\/div>\n\t\t\t\t\t\t<\/div>\n\t\t\t\t<\/div>\n\t\t\t\t\t\t<\/div>\n\t\t\t\t\t<\/div>\n\t\t<\/div>\n\t\t\t\t\t\t\t\t<\/div>\n\t\t\t\t\t<\/div>\n\t\t<\/section>\n\t\t\t\t<section class=\"elementor-section elementor-top-section elementor-element elementor-element-d09191e elementor-section-boxed elementor-section-height-default elementor-section-height-default\" data-id=\"d09191e\" data-element_type=\"section\">\n\t\t\t\t\t\t<div class=\"elementor-container elementor-column-gap-default\">\n\t\t\t\t\t\t\t<div class=\"elementor-row\">\n\t\t\t\t\t<div class=\"elementor-column elementor-col-100 elementor-top-column elementor-element elementor-element-efdf627\" data-id=\"efdf627\" data-element_type=\"column\">\n\t\t\t<div class=\"elementor-column-wrap elementor-element-populated\">\n\t\t\t\t\t\t\t<div class=\"elementor-widget-wrap\">\n\t\t\t\t\t\t<div class=\"elementor-element elementor-element-d8459e7 elementor-widget elementor-widget-spacer\" data-id=\"d8459e7\" data-element_type=\"widget\" data-widget_type=\"spacer.default\">\n\t\t\t\t<div class=\"elementor-widget-container\">\n\t\t\t\t\t<div class=\"elementor-spacer\">\n\t\t\t<div class=\"elementor-spacer-inner\"><\/div>\n\t\t<\/div>\n\t\t\t\t<\/div>\n\t\t\t\t<\/div>\n\t\t\t\t<div class=\"elementor-element elementor-element-b47f38a elementor-widget-divider--view-line elementor-widget elementor-widget-divider\" data-id=\"b47f38a\" data-element_type=\"widget\" data-widget_type=\"divider.default\">\n\t\t\t\t<div class=\"elementor-widget-container\">\n\t\t\t\t\t<div class=\"elementor-divider\">\n\t\t\t<span class=\"elementor-divider-separator\">\n\t\t\t\t\t\t<\/span>\n\t\t<\/div>\n\t\t\t\t<\/div>\n\t\t\t\t<\/div>\n\t\t\t\t<div class=\"elementor-element elementor-element-fe5b56d elementor-widget elementor-widget-spacer\" data-id=\"fe5b56d\" data-element_type=\"widget\" data-widget_type=\"spacer.default\">\n\t\t\t\t<div class=\"elementor-widget-container\">\n\t\t\t\t\t<div class=\"elementor-spacer\">\n\t\t\t<div class=\"elementor-spacer-inner\"><\/div>\n\t\t<\/div>\n\t\t\t\t<\/div>\n\t\t\t\t<\/div>\n\t\t\t\t\t\t<\/div>\n\t\t\t\t\t<\/div>\n\t\t<\/div>\n\t\t\t\t\t\t\t\t<\/div>\n\t\t\t\t\t<\/div>\n\t\t<\/section>\n\t\t\t\t<section class=\"elementor-section elementor-top-section elementor-element elementor-element-cad373c elementor-section-boxed elementor-section-height-default elementor-section-height-default\" data-id=\"cad373c\" data-element_type=\"section\">\n\t\t\t\t\t\t<div class=\"elementor-container elementor-column-gap-default\">\n\t\t\t\t\t\t\t<div class=\"elementor-row\">\n\t\t\t\t\t<div class=\"elementor-column elementor-col-25 elementor-top-column elementor-element elementor-element-0f0c885\" data-id=\"0f0c885\" data-element_type=\"column\">\n\t\t\t<div class=\"elementor-column-wrap\">\n\t\t\t\t\t\t\t<div class=\"elementor-widget-wrap\">\n\t\t\t\t\t\t\t\t<\/div>\n\t\t\t\t\t<\/div>\n\t\t<\/div>\n\t\t\t\t<div class=\"elementor-column elementor-col-50 elementor-top-column elementor-element elementor-element-2f4efa3\" data-id=\"2f4efa3\" data-element_type=\"column\">\n\t\t\t<div class=\"elementor-column-wrap elementor-element-populated\">\n\t\t\t\t\t\t\t<div class=\"elementor-widget-wrap\">\n\t\t\t\t\t\t<div class=\"elementor-element elementor-element-4f152b6 elementor-widget elementor-widget-text-editor\" data-id=\"4f152b6\" data-element_type=\"widget\" data-widget_type=\"text-editor.default\">\n\t\t\t\t<div class=\"elementor-widget-container\">\n\t\t\t\t\t\t\t\t<div class=\"elementor-text-editor elementor-clearfix\">\n\t\t\t\t\t<h2 style=\"text-align: center;font-size: 3em; background-color: rgba(220,189,131,0.4);\">Interview de l&#8217;auteure<\/h2>\t\t\t\t\t<\/div>\n\t\t\t\t\t\t<\/div>\n\t\t\t\t<\/div>\n\t\t\t\t\t\t<\/div>\n\t\t\t\t\t<\/div>\n\t\t<\/div>\n\t\t\t\t<div class=\"elementor-column elementor-col-25 elementor-top-column elementor-element elementor-element-6dae089\" data-id=\"6dae089\" data-element_type=\"column\">\n\t\t\t<div class=\"elementor-column-wrap\">\n\t\t\t\t\t\t\t<div class=\"elementor-widget-wrap\">\n\t\t\t\t\t\t\t\t<\/div>\n\t\t\t\t\t<\/div>\n\t\t<\/div>\n\t\t\t\t\t\t\t\t<\/div>\n\t\t\t\t\t<\/div>\n\t\t<\/section>\n\t\t\t\t<section class=\"elementor-section elementor-top-section elementor-element elementor-element-d4f5f60 elementor-section-boxed elementor-section-height-default elementor-section-height-default\" data-id=\"d4f5f60\" data-element_type=\"section\">\n\t\t\t\t\t\t<div class=\"elementor-container elementor-column-gap-default\">\n\t\t\t\t\t\t\t<div class=\"elementor-row\">\n\t\t\t\t\t<div class=\"elementor-column elementor-col-25 elementor-top-column elementor-element elementor-element-7ca2fff\" data-id=\"7ca2fff\" data-element_type=\"column\">\n\t\t\t<div class=\"elementor-column-wrap\">\n\t\t\t\t\t\t\t<div class=\"elementor-widget-wrap\">\n\t\t\t\t\t\t\t\t<\/div>\n\t\t\t\t\t<\/div>\n\t\t<\/div>\n\t\t\t\t<div class=\"elementor-column elementor-col-50 elementor-top-column elementor-element elementor-element-e6f2f18\" data-id=\"e6f2f18\" data-element_type=\"column\">\n\t\t\t<div class=\"elementor-column-wrap elementor-element-populated\">\n\t\t\t\t\t\t\t<div class=\"elementor-widget-wrap\">\n\t\t\t\t\t\t<div class=\"elementor-element elementor-element-dd6cc9c elementor-widget elementor-widget-text-editor\" data-id=\"dd6cc9c\" data-element_type=\"widget\" data-widget_type=\"text-editor.default\">\n\t\t\t\t<div class=\"elementor-widget-container\">\n\t\t\t\t\t\t\t\t<div class=\"elementor-text-editor elementor-clearfix\">\n\t\t\t\t\t<iframe loading=\"lazy\" src=\"https:\/\/www.youtube.com\/embed\/F3ZlvFMuwoA\" width=\"560\" height=\"400\" frameborder=\"0\" allowfullscreen=\"allowfullscreen\"><\/iframe>\t\t\t\t\t<\/div>\n\t\t\t\t\t\t<\/div>\n\t\t\t\t<\/div>\n\t\t\t\t\t\t<\/div>\n\t\t\t\t\t<\/div>\n\t\t<\/div>\n\t\t\t\t<div class=\"elementor-column elementor-col-25 elementor-top-column elementor-element elementor-element-d4bb1b6\" data-id=\"d4bb1b6\" data-element_type=\"column\">\n\t\t\t<div class=\"elementor-column-wrap\">\n\t\t\t\t\t\t\t<div class=\"elementor-widget-wrap\">\n\t\t\t\t\t\t\t\t<\/div>\n\t\t\t\t\t<\/div>\n\t\t<\/div>\n\t\t\t\t\t\t\t\t<\/div>\n\t\t\t\t\t<\/div>\n\t\t<\/section>\n\t\t\t\t\t\t<\/div>\n\t\t\t\t\t\t<\/div>\n\t\t\t\t\t<\/div>\n\t\t","protected":false},"excerpt":{"rendered":"<p>Le refuge de Valr\u00eave Suite \u00e0 la mort de leur m\u00e8re, Jawau, Izia et leur p\u00e8re, le Dr Beaucaire, qui vivaient jusque-l\u00e0 au Kenya, dans la r\u00e9serve naturelle de Wild Field, s\u2019installent en France, en Normandie. Ils sont h\u00e9berg\u00e9s chez des cousins, Hugues et Madeline Payens, propri\u00e9taires d\u2019un refuge pour animaux sauvages\u00a0: Valr\u00eave. Valr\u00eave n\u2019est [&hellip;]<\/p>\n","protected":false},"author":1,"featured_media":0,"parent":34,"menu_order":0,"comment_status":"closed","ping_status":"closed","template":"","meta":{"ngg_post_thumbnail":0,"spay_email":""},"jetpack_sharing_enabled":true,"jetpack_shortlink":"https:\/\/wp.me\/PamNou-6q","_links":{"self":[{"href":"https:\/\/www.deslionsetdeshommes.com\/index.php\/wp-json\/wp\/v2\/pages\/398"}],"collection":[{"href":"https:\/\/www.deslionsetdeshommes.com\/index.php\/wp-json\/wp\/v2\/pages"}],"about":[{"href":"https:\/\/www.deslionsetdeshommes.com\/index.php\/wp-json\/wp\/v2\/types\/page"}],"author":[{"embeddable":true,"href":"https:\/\/www.deslionsetdeshommes.com\/index.php\/wp-json\/wp\/v2\/users\/1"}],"replies":[{"embeddable":true,"href":"https:\/\/www.deslionsetdeshommes.com\/index.php\/wp-json\/wp\/v2\/comments?post=398"}],"version-history":[{"count":18,"href":"https:\/\/www.deslionsetdeshommes.com\/index.php\/wp-json\/wp\/v2\/pages\/398\/revisions"}],"predecessor-version":[{"id":456,"href":"https:\/\/www.deslionsetdeshommes.com\/index.php\/wp-json\/wp\/v2\/pages\/398\/revisions\/456"}],"up":[{"embeddable":true,"href":"https:\/\/www.deslionsetdeshommes.com\/index.php\/wp-json\/wp\/v2\/pages\/34"}],"wp:attachment":[{"href":"https:\/\/www.deslionsetdeshommes.com\/index.php\/wp-json\/wp\/v2\/media?parent=398"}],"curies":[{"name":"wp","href":"https:\/\/api.w.org\/{rel}","templated":true}]}}