{"id":41,"date":"2017-08-03T14:34:32","date_gmt":"2017-08-03T12:34:32","guid":{"rendered":"http:\/\/www.deslionsetdeshommes.com\/?page_id=41"},"modified":"2017-08-04T10:50:45","modified_gmt":"2017-08-04T08:50:45","slug":"tome-3","status":"publish","type":"page","link":"https:\/\/www.deslionsetdeshommes.com\/index.php\/les-livres\/tome-3\/","title":{"rendered":"Valr\u00eave"},"content":{"rendered":"<p>Le refuge de Valr\u00eave est un lieu imaginaire qui, cependant, pourrait ressembler<a href=\"http:\/\/www.deslionsetdeshommes.com\/index.php\/2017\/08\/03\/sanctuaires-animaliers\/\" target=\"_blank\" rel=\"noopener\"> \u00e0 quelques (rares) endroits de ce genre en France.<\/a><\/p>\n<p><em>\u00a0<\/em>Dans le roman, Valr\u00eave est domaine familial appartenant \u00e0 Hugues et Madeline Payens, situ\u00e9 dans la campagne normande.<\/p>\n<p>Ce n\u2019est pas un zoo mais un parc animalier \u00ab\u00a0sanctuaire\u00a0\u00bb\u00a0: un endroit o\u00f9 les animaux sauvages se reposent et sont soign\u00e9s, apr\u00e8s avoir travaill\u00e9 dans des cirques (est-ce une vie\u00a0?!) ou avoir \u00e9t\u00e9 enferm\u00e9s dans des enclos de zoos trop \u00e9troits. \u00c0 Valr\u00eave, on r\u00eave d\u2019un monde meilleur pour les animaux\u2026 Et on fait en sorte que le r\u00eave devienne r\u00e9alit\u00e9. Comme dans la vraie vie\u00a0! En effet, ce genre de lieu existe\u2026 (lien vers \u00ab\u00a0Pour en savoir plus\u00a0\u00bb).<\/p>\n<p>Dans le refuge de Valr\u00eave se trouvent :<\/p>\n<p>&#8211; Des lions\u00a0: Glia, une femelle \u00e2g\u00e9e de neuf ans, Tilly, un vieux m\u00e2le (il a dix-sept ans), et leur trois petits,<br \/>\n&#8211; Deux \u00e9l\u00e9phantes d\u2019Asie\u00a0: Idane et Wally,<br \/>\n&#8211; Deux loups blancs d\u2019Arctique\u00a0\u00e2g\u00e9s de neuf ans : Ikta (une femelle) et Tusk (un m\u00e2le).,<br \/>\n&#8211; Une \u00e2nesse\u00a0: R\u00e9glisse,<br \/>\n&#8211; Deux ours, des z\u00e8bres, des chevaux, un boa, des chimpanz\u00e9s\u2026<\/p>\n<p>Izia, Jawau et leur p\u00e8re, ainsi que Hugues et Madeline vivent sur le terrain du refuge, dans des maisons \u00e0 peu \u00e0 l\u2019\u00e9cart mais assez pr\u00e8s des animaux. Hugues et Madeline n\u2019ont pas eu d\u2019enfants\u00a0: les animaux repr\u00e9sentent leur famille.<\/p>\n<figure id=\"attachment_76\" aria-describedby=\"caption-attachment-76\" style=\"width: 169px\" class=\"wp-caption alignnone\"><img decoding=\"async\" loading=\"lazy\" class=\"wp-image-76 size-medium\" src=\"http:\/\/www.deslionsetdeshommes.com\/wp-content\/uploads\/2017\/08\/Bureaux-Valreve--169x300.jpg\" alt=\"\" width=\"169\" height=\"300\" srcset=\"https:\/\/www.deslionsetdeshommes.com\/wp-content\/uploads\/2017\/08\/Bureaux-Valreve--169x300.jpg 169w, https:\/\/www.deslionsetdeshommes.com\/wp-content\/uploads\/2017\/08\/Bureaux-Valreve--768x1365.jpg 768w, https:\/\/www.deslionsetdeshommes.com\/wp-content\/uploads\/2017\/08\/Bureaux-Valreve--576x1024.jpg 576w, https:\/\/www.deslionsetdeshommes.com\/wp-content\/uploads\/2017\/08\/Bureaux-Valreve-.jpg 1746w\" sizes=\"(max-width: 169px) 100vw, 169px\" \/><figcaption id=\"caption-attachment-76\" class=\"wp-caption-text\"><em>Le bureau du refuge de Valr\u00eave<\/em><\/figcaption><\/figure>\n<figure id=\"attachment_77\" aria-describedby=\"caption-attachment-77\" style=\"width: 169px\" class=\"wp-caption alignnone\"><img decoding=\"async\" loading=\"lazy\" class=\"wp-image-77 size-medium\" src=\"http:\/\/www.deslionsetdeshommes.com\/wp-content\/uploads\/2017\/08\/La-route-pour-Valreve-AJD-169x300.jpg\" alt=\"\" width=\"169\" height=\"300\" srcset=\"https:\/\/www.deslionsetdeshommes.com\/wp-content\/uploads\/2017\/08\/La-route-pour-Valreve-AJD-169x300.jpg 169w, https:\/\/www.deslionsetdeshommes.com\/wp-content\/uploads\/2017\/08\/La-route-pour-Valreve-AJD-768x1365.jpg 768w, https:\/\/www.deslionsetdeshommes.com\/wp-content\/uploads\/2017\/08\/La-route-pour-Valreve-AJD-576x1024.jpg 576w, https:\/\/www.deslionsetdeshommes.com\/wp-content\/uploads\/2017\/08\/La-route-pour-Valreve-AJD.jpg 1746w\" sizes=\"(max-width: 169px) 100vw, 169px\" \/><figcaption id=\"caption-attachment-77\" class=\"wp-caption-text\"><em>La route pour arriver \u00e0 Valr\u00eave<\/em><\/figcaption><\/figure>\n<figure id=\"attachment_73\" aria-describedby=\"caption-attachment-73\" style=\"width: 300px\" class=\"wp-caption alignnone\"><img decoding=\"async\" loading=\"lazy\" class=\"wp-image-73 size-medium\" src=\"http:\/\/www.deslionsetdeshommes.com\/wp-content\/uploads\/2017\/08\/Ciel-Valreve-AJD-300x169.jpg\" alt=\"\" width=\"300\" height=\"169\" srcset=\"https:\/\/www.deslionsetdeshommes.com\/wp-content\/uploads\/2017\/08\/Ciel-Valreve-AJD-300x169.jpg 300w, https:\/\/www.deslionsetdeshommes.com\/wp-content\/uploads\/2017\/08\/Ciel-Valreve-AJD-768x432.jpg 768w, https:\/\/www.deslionsetdeshommes.com\/wp-content\/uploads\/2017\/08\/Ciel-Valreve-AJD-1024x576.jpg 1024w, https:\/\/www.deslionsetdeshommes.com\/wp-content\/uploads\/2017\/08\/Ciel-Valreve-AJD-1110x624.jpg 1110w, https:\/\/www.deslionsetdeshommes.com\/wp-content\/uploads\/2017\/08\/Ciel-Valreve-AJD-528x297.jpg 528w\" sizes=\"(max-width: 300px) 100vw, 300px\" \/><figcaption id=\"caption-attachment-73\" class=\"wp-caption-text\"><em>Le ciel au-dessus de Valr\u00eave<\/em><\/figcaption><\/figure>\n<p>&nbsp;<\/p>\n","protected":false},"excerpt":{"rendered":"<p>Le refuge de Valr\u00eave est un lieu imaginaire qui, cependant, pourrait ressembler \u00e0 quelques (rares) endroits de ce genre en France. \u00a0Dans le roman, Valr\u00eave est domaine familial appartenant \u00e0 Hugues et Madeline Payens, situ\u00e9 dans la campagne normande. Ce n\u2019est pas un zoo mais un parc animalier \u00ab\u00a0sanctuaire\u00a0\u00bb\u00a0: un endroit o\u00f9 les animaux sauvages [&hellip;]<\/p>\n","protected":false},"author":1,"featured_media":0,"parent":34,"menu_order":3,"comment_status":"closed","ping_status":"closed","template":"","meta":{"ngg_post_thumbnail":0,"spay_email":""},"jetpack_sharing_enabled":true,"jetpack_shortlink":"https:\/\/wp.me\/PamNou-F","_links":{"self":[{"href":"https:\/\/www.deslionsetdeshommes.com\/index.php\/wp-json\/wp\/v2\/pages\/41"}],"collection":[{"href":"https:\/\/www.deslionsetdeshommes.com\/index.php\/wp-json\/wp\/v2\/pages"}],"about":[{"href":"https:\/\/www.deslionsetdeshommes.com\/index.php\/wp-json\/wp\/v2\/types\/page"}],"author":[{"embeddable":true,"href":"https:\/\/www.deslionsetdeshommes.com\/index.php\/wp-json\/wp\/v2\/users\/1"}],"replies":[{"embeddable":true,"href":"https:\/\/www.deslionsetdeshommes.com\/index.php\/wp-json\/wp\/v2\/comments?post=41"}],"version-history":[{"count":11,"href":"https:\/\/www.deslionsetdeshommes.com\/index.php\/wp-json\/wp\/v2\/pages\/41\/revisions"}],"predecessor-version":[{"id":201,"href":"https:\/\/www.deslionsetdeshommes.com\/index.php\/wp-json\/wp\/v2\/pages\/41\/revisions\/201"}],"up":[{"embeddable":true,"href":"https:\/\/www.deslionsetdeshommes.com\/index.php\/wp-json\/wp\/v2\/pages\/34"}],"wp:attachment":[{"href":"https:\/\/www.deslionsetdeshommes.com\/index.php\/wp-json\/wp\/v2\/media?parent=41"}],"curies":[{"name":"wp","href":"https:\/\/api.w.org\/{rel}","templated":true}]}}