{"id":46,"date":"2017-08-03T14:36:09","date_gmt":"2017-08-03T12:36:09","guid":{"rendered":"http:\/\/www.deslionsetdeshommes.com\/?page_id=46"},"modified":"2017-10-04T12:17:39","modified_gmt":"2017-10-04T10:17:39","slug":"anecdotes","status":"publish","type":"page","link":"https:\/\/www.deslionsetdeshommes.com\/index.php\/les-livres\/anecdotes\/","title":{"rendered":"Anecdotes"},"content":{"rendered":"<h2 style=\"color: #b56832;\">l&#8217;origine des &#8220;lions et des hommes&#8221;<\/h2>\n<p>C\u2019est en visitant le <strong>parc zoologique de Thoiry<\/strong> il y a quelques ann\u00e9es que j\u2019ai eu l\u2019id\u00e9e d\u2019\u00e9crire sur les professionnels qui travaillent aupr\u00e8s des animaux, soigneurs, v\u00e9t\u00e9rinaires\u2026, leur passion, leur engagement, et l\u2019art de pr\u00e9server les esp\u00e8ces sauvages gr\u00e2ce \u00e0 un environnement \u00e9cologique ou une passion artistique comme celle de <strong>Laurent Baheux<\/strong> (voir la magnifique photo de lion et son interview sur ce site).<\/p>\n<p>Ce jour-l\u00e0, \u00e0 Thoiry, apr\u00e8s avoir admir\u00e9 les tigres et le spectacle du \u00ab\u00a0nourrissage\u00a0\u00bb, je suis rest\u00e9e pour discuter avec la soigneuse\u00a0: une jeune femme qui m\u2019a expliqu\u00e9 que l\u2019un des magnifiques f\u00e9lins \u00e9tait une \u00ab\u00a0saisie de cirque\u00a0\u00bb. Autrement dit, il avait \u00e9t\u00e9 enlev\u00e9 \u00e0 un cirque car il \u00e9tait maltrait\u00e9. La soigneuse m\u2019a parl\u00e9 de la patience n\u00e9cessaire pour que ce bel animal s\u2019acclimate, puis qu\u2019il accepte un cong\u00e9n\u00e8re\u2026 Ce travail de l\u2019ombre, minutieux, attentif, respectueux, qui a dur\u00e9 des mois, m\u2019a touch\u00e9e et impressionn\u00e9e.<\/p>\n<p>Peu \u00e0 peu, l\u2019id\u00e9e a donc m\u00fbri, jusqu\u2019\u00e0 ce que je finisse par pr\u00e9senter le projet aux \u00e9ditions Fleurus\u2026 Mon objectif est de partager nos passions pour les animaux, la biodiversit\u00e9, oui, bien s\u00fbr, mais aussi de montrer qu\u2019on peut agir pour le bien de la plan\u00e8te, de la faune et la flore, malgr\u00e9 tous les obstacles qu\u2019on rencontre parfois au quotidien.<\/p>\n<p><a href=\"https:\/\/www.thoiry.net\/fr\/soigneur-en-herbe\" target=\"_blank\" rel=\"noopener\">https:\/\/www.thoiry.net\/fr\/soigneur-en-herbe<\/a><\/p>\n<hr style=\"height: 2px; color: #e2c390; background-color: #e2c390; width: 50%; border: none;\" \/>\n<h2 style=\"color: #b56832;\">Jawau et Izia\u00a0: l\u2019origine des pr\u00e9noms<\/h2>\n<p><em>Jawau\u00a0<\/em> est un pr\u00e9nom adapt\u00e9 de \u00ab\u00a0Jao\u00a0\u00bb (dans les deux cas, prononce \u00ab\u00a0Djao\u00a0\u00bb). Il y a plusieurs ann\u00e9es, alors que je me trouvais sur une plage de Gambie, en Afrique, j\u2019ai rencontr\u00e9 Jao, un jeune gar\u00e7on po\u00e8te (il avait seize ans) qui m\u2019a beaucoup \u00e9mue. Il r\u00eavait de vivre en France. Nous nous sommes longtemps \u00e9crit, en anglais, puis un jour, je n\u2019ai plus eu de nouvelles\u2026 J\u2019esp\u00e8re qu\u2019il a pu r\u00e9aliser ses r\u00eaves.<br \/>\n<em>Izia <\/em>est le pr\u00e9nom d\u2019une artiste fran\u00e7aise que j\u2019admire\u00a0: Izia Higelin. Elle est actrice, paroli\u00e8re et auteur-compositeur-interpr\u00e8te de rock. Aujourd\u2019hui, elle a vingt-six ans mais elle avait \u00e0 peine quinze ans quand elle est mont\u00e9e sur sc\u00e8ne. Son talent est \u00e9bouriffant. J\u2019ai \u00e9cout\u00e9 son premier album, \u00ab\u00a0Izia\u00a0\u00bb, en boucle.<\/p>\n<hr style=\"height: 2px; color: #e2c390; background-color: #e2c390; width: 50%; border: none;\" \/>\n<h2 style=\"color: #b56832;\">L\u2019\u00e9quipe de soigneurs\u00a0: du r\u00eave \u00e0 la r\u00e9alit\u00e9<\/h2>\n<p>S\u00e9bastien Pouvreau, soigneur animalier, m\u2019a donn\u00e9 de bons conseils durant la phase d\u2019\u00e9criture. Mais en lisant le livre termin\u00e9, il s\u2019est \u00e9tonn\u00e9 du petit nombre de soigneurs qui apparaissent dans le roman. Dans l\u2019histoire, Nathan \u00e9tant stagiaire, il n\u2019y a que trois professionnels (Marco, L\u00e9a et J\u00e9r\u00e9mie) pour s\u2019occuper des animaux du parc entier. \u00ab\u00a0Avec les week-ends travaill\u00e9s, les jours de repos en semaine, ce n&#8217;est pas possible, ils ne peuvent pas travailler tous ensemble tous les jours et sont donc trop peu nombreux\u00a0!\u00a0\u00bb m\u2019a fait remarquer S\u00e9bastien. En g\u00e9n\u00e9ral, pour un parc avec deux \u00e9l\u00e9phants, il y a un soigneur par jour pour eux, et il se charge \u00e9ventuellement des soins de deux ou trois autres petites esp\u00e8ces&#8230;\u00a0\u00bb S\u2019occuper d\u2019\u00e9l\u00e9phants, c\u2019est du plein temps.<\/p>\n<hr style=\"height: 2px; color: #e2c390; background-color: #e2c390; width: 50%; border: none;\" \/>\n<h2 style=\"color: #b56832;\">Le lion en cage<\/h2>\n<p>Qu\u2019est devenu\u00a0ce pauvre lion que j\u2019ai pris en photo ? Je raconte l\u2019histoire du cirque dont il fait (ou faisait) \u00a0partie en introduction du \u00ab\u00a0Refuge de Valr\u00eave\u00a0\u00bb. Le cirque d\u2019aujourd\u2019hui, moderne, ne fait plus travailler les animaux\u2026 Ou ne devrait plus. On aime admirer des lions, des tigres, des chevaux sur sc\u00e8ne\u2026 Mais on ignore comment ces animaux, sauvages pour la plupart, ont r\u00e9ussi \u00e0 r\u00e9aliser leurs num\u00e9ros. \u00c0 quel prix\u2026 Leur vie en captivit\u00e9 est source de mal-\u00eatre, de souffrances. En m\u00eame temps, comme le raconte Loop dans mon roman, certains cirques s\u2019occupent bien de leurs animaux, et les dompteurs, dresseurs, sont attach\u00e9s aux magnifiques cr\u00e9atures dont ils s\u2019occupent. Malgr\u00e9 tout, moi, je pr\u00e9f\u00e8re clairement les cirques qui mettent en lumi\u00e8re les prouesses d\u2019artistes acrobates, clowns ou autres\u2026 Et pas celles d\u2019animaux. Voil\u00e0, c\u2019est dit.<\/p>\n<p>N.B.\u00a0: le cirque animalier est interdit dans 27 pays\u00a0: Belgique, Autriche, Allemagne, Hongrie, Danemark, Su\u00e8de, Mexique, Bolivie, Bulgarie, Chypre, Costa Rica, Croatie, Finlande, Gr\u00e8ce, Inde, Isra\u00ebl, Lettonie, Liban, Malte, Pays Bas, P\u00e9rou, Portugal, Singapour, Slov\u00e9nie, Su\u00e8de, Guatemala, Roumanie (source\u00a0: <a href=\"http:\/\/www.cirques-de-france.fr\/l%C3%A9gislation-sur-les-cirques-dans-le-monde\">http:\/\/www.cirques-de-france.fr\/l%C3%A9gislation-sur-les-cirques-dans-le-monde<\/a>)<\/p>\n<hr style=\"height: 2px; color: #e2c390; background-color: #e2c390; width: 50%; border: none;\" \/>\n<h2 style=\"color: #b56832;\">Les animaux et moi<\/h2>\n<p>J\u2019ai toujours profond\u00e9ment aim\u00e9 les animaux, tous, petits et grands, domestiques ou sauvages. J\u2019aurais ador\u00e9 \u00eatre v\u00e9t\u00e9rinaire mais\u2026 je n\u2019\u00e9tais pas dou\u00e9e en maths,\u00a0 et il faut avoir de bonnes notes dans cette mati\u00e8re pour passer le concours d\u2019entr\u00e9e \u00e0 l\u2019\u00e9cole \u00a0v\u00e9t\u00e9rinaire. Par la suite, j\u2019ai tent\u00e9 de me r\u00e9orienter vers l\u2019\u00e9thologie (l\u2019\u00e9tude du comportement animal), sauf qu\u2019il faut commencer par des \u00e9tudes de biologie\u2026 Ce qui n\u2019\u00e9tait pas possible pour moi vu que, l\u00e0 encore, l\u2019esprit\u00a0 scientifique, math\u00e9matique, est indispensable. Pour \u00e9tudier, en tout cas\u00a0! J\u2019ai un net penchant pour la po\u00e9sie, la r\u00eaverie, la litt\u00e9rature\u2026<\/p>\n<p>J\u2019ai eu des bergers allemands, plusieurs, un cocker, un beauceron, et actuellement, j\u2019ai un labrador \u00e0 la robe cr\u00e8me. Il est \u00e2g\u00e9 de 12 ans\u2026 Un grand \u00e2ge\u00a0! J\u2019ai aussi un chat, une petite femelle appel\u00e9e Piou. On l\u2019a trouv\u00e9e toute petite, elle \u00e9tait tr\u00e8s sauvage et mon fils l\u2019a peu \u00e0 peu apprivois\u00e9e. \u00ab\u00a0Piou\u00a0\u00bb, c\u2019est le son de son miaulement\u00a0! Je m\u2019occupe aussi de Suzie, une \u00e2nesse au doux regard, qui a perdu sa ma\u00eetresse. Dans mon village, on est plusieurs \u00e0 la choyer.<\/p>\n<hr style=\"height: 2px; color: #e2c390; background-color: #e2c390; width: 50%; border: none;\" \/>\n<h2 style=\"color: #b56832;\">les noms des animaux<\/h2>\n<p>Le lion Tilly, la lionne Gala, le chat Yakou\u2026 Ces noms-l\u00e0 sont des clins d\u2019\u0153il \u00e0 des animaux qui ont fait partie de ma vie\u00a0! Tilly \u00e9tait un berger allemand \u00e0 poils longs, comme\u00a0 Skill dans l\u2019histoire. Gala \u00e9tait une femelle beauceron, et Yakou est un rappel de \u00ab\u00a0Yako\u00a0\u00bb, un grand chat tigr\u00e9 qui a v\u00e9cu \u00e0 la maison pendant treize ans\u2026 jusqu\u2019\u00e0 ce qu\u2019il mange une souris empoisonn\u00e9e. H\u00e9las.<\/p>\n<p>Bakota, le nom du l\u00e9murien de Jawau, a \u00e9t\u00e9 invent\u00e9 par Loulou <em>alias<\/em> Perce-Neige, la fille d\u2019une amie.<\/p>\n<p>\u00c0 la maison,\u00a0 les noms des animaux \u00e9voluent, un peu comme les avatars de Pok\u00e9mon\u00a0\ud83d\ude09 Par exemple, au d\u00e9part, mon chien s\u2019appelait R\u00e9gus (c\u2019est le nom officiel inscrit sur son carnet). Aujourd\u2019hui, on l\u2019appelle\u2026 Boubou\u00a0! Parfois m\u00eame Super Boubou\u00a0! Et il r\u00e9pond\u2026 Trop cool, le Boubou.<\/p>\n<hr style=\"height: 2px; color: #e2c390; background-color: #e2c390; width: 50%; border: none;\" \/>\n<h2 style=\"color: #b56832;\">Quand j&#8217;\u00e9cris&#8230;<\/h2>\n<p>J\u2019ai commenc\u00e9 \u00e0 \u00e9crire lorsque j\u2019avais environ huit ans. Choisir le m\u00e9tier de traductrice litt\u00e9raire m\u2019a aid\u00e9e \u00e0 r\u00e9aliser mon r\u00eave : devenir \u00e9crivain ; auteur de litt\u00e9rature pour la jeunesse. Au d\u00e9part, je voulais inciter ma ni\u00e8ce, alors \u00e2g\u00e9e de huit ans, \u00e0 lire\u2026 Et \u00e7a a march\u00e9.<br \/>\nPour \u00e9crire, j\u2019oublie presque que je suis adulte. J\u2019ai d\u00fb garder une \u00e2me d\u2019enfant ! Mon fils de quinze ans se moque parfois de moi\u2026 Il trouve que je ne suis pas assez s\u00e9rieuse !<br \/>\nN\u2019emp\u00eache, quand j\u2019\u00e9cris, je suis tr\u00e8s s\u00e9rieuse. J\u2019effectue beaucoup de recherches. Et j\u2019aime me promener dans la nature avec mon chien, \u00e9couter les oiseaux, admirer la nature\u2026 Qu\u2019il pleuve ou qu\u2019il y ait du soleil, je vais marcher, m\u00eame la nuit. Mon fid\u00e8le labrador m\u2019accompagne, et on va retrouver Suzie l\u2019\u00e2nesse \u00e0 qui j\u2019apporte de petits morceaux de carottes\u2026 Parfois Piou nous suit, et c\u2019est tr\u00e8s dr\u00f4le. Sauf que je crains toujours qu\u2019elle aille trop loin de la maison, les voitures passent vite\u2026 Alors je la ram\u00e8ne et je la mets \u00e0 l\u2019abri. Ensuite, je repars\u2026 Et je respire. J\u2019inspire. Oui, l\u2019inspiration vient souvent dans ces moments-l\u00e0\u2026<\/p>\n","protected":false},"excerpt":{"rendered":"<p>l&#8217;origine des &#8220;lions et des hommes&#8221; C\u2019est en visitant le parc zoologique de Thoiry il y a quelques ann\u00e9es que j\u2019ai eu l\u2019id\u00e9e d\u2019\u00e9crire sur les professionnels qui travaillent aupr\u00e8s des animaux, soigneurs, v\u00e9t\u00e9rinaires\u2026, leur passion, leur engagement, et l\u2019art de pr\u00e9server les esp\u00e8ces sauvages gr\u00e2ce \u00e0 un environnement \u00e9cologique ou une passion artistique comme [&hellip;]<\/p>\n","protected":false},"author":1,"featured_media":0,"parent":34,"menu_order":4,"comment_status":"closed","ping_status":"closed","template":"","meta":{"ngg_post_thumbnail":0,"spay_email":""},"jetpack_sharing_enabled":true,"jetpack_shortlink":"https:\/\/wp.me\/PamNou-K","_links":{"self":[{"href":"https:\/\/www.deslionsetdeshommes.com\/index.php\/wp-json\/wp\/v2\/pages\/46"}],"collection":[{"href":"https:\/\/www.deslionsetdeshommes.com\/index.php\/wp-json\/wp\/v2\/pages"}],"about":[{"href":"https:\/\/www.deslionsetdeshommes.com\/index.php\/wp-json\/wp\/v2\/types\/page"}],"author":[{"embeddable":true,"href":"https:\/\/www.deslionsetdeshommes.com\/index.php\/wp-json\/wp\/v2\/users\/1"}],"replies":[{"embeddable":true,"href":"https:\/\/www.deslionsetdeshommes.com\/index.php\/wp-json\/wp\/v2\/comments?post=46"}],"version-history":[{"count":13,"href":"https:\/\/www.deslionsetdeshommes.com\/index.php\/wp-json\/wp\/v2\/pages\/46\/revisions"}],"predecessor-version":[{"id":264,"href":"https:\/\/www.deslionsetdeshommes.com\/index.php\/wp-json\/wp\/v2\/pages\/46\/revisions\/264"}],"up":[{"embeddable":true,"href":"https:\/\/www.deslionsetdeshommes.com\/index.php\/wp-json\/wp\/v2\/pages\/34"}],"wp:attachment":[{"href":"https:\/\/www.deslionsetdeshommes.com\/index.php\/wp-json\/wp\/v2\/media?parent=46"}],"curies":[{"name":"wp","href":"https:\/\/api.w.org\/{rel}","templated":true}]}}