{"id":464,"date":"2018-10-31T15:33:48","date_gmt":"2018-10-31T14:33:48","guid":{"rendered":"http:\/\/www.deslionsetdeshommes.com\/?page_id=464"},"modified":"2018-10-31T15:33:48","modified_gmt":"2018-10-31T14:33:48","slug":"les-personnages","status":"publish","type":"page","link":"https:\/\/www.deslionsetdeshommes.com\/index.php\/les-livres-2\/les-personnages\/","title":{"rendered":"Les personnages"},"content":{"rendered":"\t\t<div data-elementor-type=\"wp-page\" data-elementor-id=\"464\" class=\"elementor elementor-464 elementor-bc-flex-widget\" data-elementor-settings=\"[]\">\n\t\t\t\t\t\t<div class=\"elementor-inner\">\n\t\t\t\t\t\t\t<div class=\"elementor-section-wrap\">\n\t\t\t\t\t\t\t<section class=\"elementor-section elementor-top-section elementor-element elementor-element-0a45f7a elementor-section-stretched elementor-section-full_width elementor-section-height-default elementor-section-height-default\" data-id=\"0a45f7a\" data-element_type=\"section\" data-settings=\"{&quot;background_background&quot;:&quot;classic&quot;,&quot;shape_divider_bottom&quot;:&quot;mountains&quot;,&quot;stretch_section&quot;:&quot;section-stretched&quot;}\">\n\t\t\t\t\t\t\t<div class=\"elementor-background-overlay\"><\/div>\n\t\t\t\t\t\t<div class=\"elementor-shape elementor-shape-bottom\" data-negative=\"false\">\n\t\t\t<svg xmlns=\"http:\/\/www.w3.org\/2000\/svg\" viewBox=\"0 0 1000 100\" preserveAspectRatio=\"none\">\n\t<path class=\"elementor-shape-fill\" opacity=\"0.33\" d=\"M473,67.3c-203.9,88.3-263.1-34-320.3,0C66,119.1,0,59.7,0,59.7V0h1000v59.7 c0,0-62.1,26.1-94.9,29.3c-32.8,3.3-62.8-12.3-75.8-22.1C806,49.6,745.3,8.7,694.9,4.7S492.4,59,473,67.3z\"\/>\n\t<path class=\"elementor-shape-fill\" opacity=\"0.66\" d=\"M734,67.3c-45.5,0-77.2-23.2-129.1-39.1c-28.6-8.7-150.3-10.1-254,39.1 s-91.7-34.4-149.2,0C115.7,118.3,0,39.8,0,39.8V0h1000v36.5c0,0-28.2-18.5-92.1-18.5C810.2,18.1,775.7,67.3,734,67.3z\"\/>\n\t<path class=\"elementor-shape-fill\" d=\"M766.1,28.9c-200-57.5-266,65.5-395.1,19.5C242,1.8,242,5.4,184.8,20.6C128,35.8,132.3,44.9,89.9,52.5C28.6,63.7,0,0,0,0 h1000c0,0-9.9,40.9-83.6,48.1S829.6,47,766.1,28.9z\"\/>\n<\/svg>\t\t<\/div>\n\t\t\t\t\t<div class=\"elementor-container elementor-column-gap-default\">\n\t\t\t\t\t\t\t<div class=\"elementor-row\">\n\t\t\t\t\t<div class=\"elementor-column elementor-col-100 elementor-top-column elementor-element elementor-element-10619f9\" data-id=\"10619f9\" data-element_type=\"column\">\n\t\t\t<div class=\"elementor-column-wrap elementor-element-populated\">\n\t\t\t\t\t\t\t<div class=\"elementor-widget-wrap\">\n\t\t\t\t\t\t<div class=\"elementor-element elementor-element-7879d56 elementor-invisible elementor-widget elementor-widget-heading\" data-id=\"7879d56\" data-element_type=\"widget\" data-settings=\"{&quot;_animation&quot;:&quot;bounceInDown&quot;}\" data-widget_type=\"heading.default\">\n\t\t\t\t<div class=\"elementor-widget-container\">\n\t\t\t<h3 class=\"elementor-heading-title elementor-size-default\">Les personnages<\/h3>\t\t<\/div>\n\t\t\t\t<\/div>\n\t\t\t\t\t\t<\/div>\n\t\t\t\t\t<\/div>\n\t\t<\/div>\n\t\t\t\t\t\t\t\t<\/div>\n\t\t\t\t\t<\/div>\n\t\t<\/section>\n\t\t\t\t<section class=\"elementor-section elementor-top-section elementor-element elementor-element-97b21d6 elementor-section-stretched elementor-section-boxed elementor-section-height-default elementor-section-height-default\" data-id=\"97b21d6\" data-element_type=\"section\" data-settings=\"{&quot;stretch_section&quot;:&quot;section-stretched&quot;}\">\n\t\t\t\t\t\t<div class=\"elementor-container elementor-column-gap-wide\">\n\t\t\t\t\t\t\t<div class=\"elementor-row\">\n\t\t\t\t\t<div class=\"elementor-column elementor-col-50 elementor-top-column elementor-element elementor-element-d73cd94\" data-id=\"d73cd94\" data-element_type=\"column\">\n\t\t\t<div class=\"elementor-column-wrap elementor-element-populated\">\n\t\t\t\t\t\t\t<div class=\"elementor-widget-wrap\">\n\t\t\t\t\t\t<div class=\"elementor-element elementor-element-15062bb elementor-widget elementor-widget-image\" data-id=\"15062bb\" data-element_type=\"widget\" data-widget_type=\"image.default\">\n\t\t\t\t<div class=\"elementor-widget-container\">\n\t\t\t\t\t\t\t\t<div class=\"elementor-image\">\n\t\t\t\t\t\t\t\t\t\t\t\t<img width=\"510\" height=\"510\" src=\"https:\/\/www.deslionsetdeshommes.com\/wp-content\/uploads\/2017\/08\/Izia-pastelHD-510x510.jpg\" class=\"attachment-tc-sq-thumb size-tc-sq-thumb\" alt=\"\" decoding=\"async\" loading=\"lazy\" srcset=\"https:\/\/www.deslionsetdeshommes.com\/wp-content\/uploads\/2017\/08\/Izia-pastelHD-510x510.jpg 510w, https:\/\/www.deslionsetdeshommes.com\/wp-content\/uploads\/2017\/08\/Izia-pastelHD-150x150.jpg 150w\" sizes=\"(max-width: 510px) 100vw, 510px\" \/>\t\t\t\t\t\t\t\t\t\t\t\t\t\t<\/div>\n\t\t\t\t\t\t<\/div>\n\t\t\t\t<\/div>\n\t\t\t\t\t\t<\/div>\n\t\t\t\t\t<\/div>\n\t\t<\/div>\n\t\t\t\t<div class=\"elementor-column elementor-col-50 elementor-top-column elementor-element elementor-element-e3c7571\" data-id=\"e3c7571\" data-element_type=\"column\">\n\t\t\t<div class=\"elementor-column-wrap elementor-element-populated\">\n\t\t\t\t\t\t\t<div class=\"elementor-widget-wrap\">\n\t\t\t\t\t\t<div class=\"elementor-element elementor-element-b64ee3c elementor-widget elementor-widget-image\" data-id=\"b64ee3c\" data-element_type=\"widget\" data-widget_type=\"image.default\">\n\t\t\t\t<div class=\"elementor-widget-container\">\n\t\t\t\t\t\t\t\t<div class=\"elementor-image\">\n\t\t\t\t\t\t\t\t\t\t\t\t<img width=\"510\" height=\"510\" src=\"https:\/\/www.deslionsetdeshommes.com\/wp-content\/uploads\/2017\/08\/Jawau-pastelHD-510x510.jpg\" class=\"attachment-tc-sq-thumb size-tc-sq-thumb\" alt=\"\" decoding=\"async\" loading=\"lazy\" srcset=\"https:\/\/www.deslionsetdeshommes.com\/wp-content\/uploads\/2017\/08\/Jawau-pastelHD-510x510.jpg 510w, https:\/\/www.deslionsetdeshommes.com\/wp-content\/uploads\/2017\/08\/Jawau-pastelHD-150x150.jpg 150w\" sizes=\"(max-width: 510px) 100vw, 510px\" \/>\t\t\t\t\t\t\t\t\t\t\t\t\t\t<\/div>\n\t\t\t\t\t\t<\/div>\n\t\t\t\t<\/div>\n\t\t\t\t\t\t<\/div>\n\t\t\t\t\t<\/div>\n\t\t<\/div>\n\t\t\t\t\t\t\t\t<\/div>\n\t\t\t\t\t<\/div>\n\t\t<\/section>\n\t\t\t\t<section class=\"elementor-section elementor-top-section elementor-element elementor-element-1cd0aea elementor-section-stretched elementor-section-boxed elementor-section-height-default elementor-section-height-default\" data-id=\"1cd0aea\" data-element_type=\"section\" data-settings=\"{&quot;stretch_section&quot;:&quot;section-stretched&quot;}\">\n\t\t\t\t\t\t<div class=\"elementor-container elementor-column-gap-default\">\n\t\t\t\t\t\t\t<div class=\"elementor-row\">\n\t\t\t\t\t<div class=\"elementor-column elementor-col-50 elementor-top-column elementor-element elementor-element-1240c3c\" data-id=\"1240c3c\" data-element_type=\"column\">\n\t\t\t<div class=\"elementor-column-wrap elementor-element-populated\">\n\t\t\t\t\t\t\t<div class=\"elementor-widget-wrap\">\n\t\t\t\t\t\t<div class=\"elementor-element elementor-element-21b7067 elementor-widget elementor-widget-heading\" data-id=\"21b7067\" data-element_type=\"widget\" data-widget_type=\"heading.default\">\n\t\t\t\t<div class=\"elementor-widget-container\">\n\t\t\t<h3 class=\"elementor-heading-title elementor-size-default\">Izia Beaucaire<\/h3>\t\t<\/div>\n\t\t\t\t<\/div>\n\t\t\t\t\t\t<\/div>\n\t\t\t\t\t<\/div>\n\t\t<\/div>\n\t\t\t\t<div class=\"elementor-column elementor-col-50 elementor-top-column elementor-element elementor-element-f08cb84\" data-id=\"f08cb84\" data-element_type=\"column\">\n\t\t\t<div class=\"elementor-column-wrap elementor-element-populated\">\n\t\t\t\t\t\t\t<div class=\"elementor-widget-wrap\">\n\t\t\t\t\t\t<div class=\"elementor-element elementor-element-b620d2e elementor-widget elementor-widget-heading\" data-id=\"b620d2e\" data-element_type=\"widget\" data-widget_type=\"heading.default\">\n\t\t\t\t<div class=\"elementor-widget-container\">\n\t\t\t<h3 class=\"elementor-heading-title elementor-size-default\">Jawau Beaucaire<\/h3>\t\t<\/div>\n\t\t\t\t<\/div>\n\t\t\t\t\t\t<\/div>\n\t\t\t\t\t<\/div>\n\t\t<\/div>\n\t\t\t\t\t\t\t\t<\/div>\n\t\t\t\t\t<\/div>\n\t\t<\/section>\n\t\t\t\t<section class=\"elementor-section elementor-top-section elementor-element elementor-element-58ca5ad elementor-section-stretched elementor-section-boxed elementor-section-height-default elementor-section-height-default\" data-id=\"58ca5ad\" data-element_type=\"section\" data-settings=\"{&quot;stretch_section&quot;:&quot;section-stretched&quot;}\">\n\t\t\t\t\t\t<div class=\"elementor-container elementor-column-gap-default\">\n\t\t\t\t\t\t\t<div class=\"elementor-row\">\n\t\t\t\t\t<div class=\"elementor-column elementor-col-50 elementor-top-column elementor-element elementor-element-5c693fc elementor-invisible\" data-id=\"5c693fc\" data-element_type=\"column\" data-settings=\"{&quot;animation&quot;:&quot;fadeIn&quot;}\">\n\t\t\t<div class=\"elementor-column-wrap elementor-element-populated\">\n\t\t\t\t\t\t\t<div class=\"elementor-widget-wrap\">\n\t\t\t\t\t\t<div class=\"elementor-element elementor-element-b78f500 animated-slow elementor-invisible elementor-widget elementor-widget-text-editor\" data-id=\"b78f500\" data-element_type=\"widget\" data-settings=\"{&quot;_animation&quot;:&quot;fadeIn&quot;}\" data-widget_type=\"text-editor.default\">\n\t\t\t\t<div class=\"elementor-widget-container\">\n\t\t\t\t\t\t\t\t<div class=\"elementor-text-editor elementor-clearfix\">\n\t\t\t\t\t<div style=\"text-align: justify;\"><p><strong>\u00c2ge\u00a0<\/strong>: \u00a012 ans.<\/p><p><strong>Caract\u00e8re\u00a0<\/strong>: rebelle, contemplative et un peu gar\u00e7on manqu\u00e9 (ce qui ne l\u2019emp\u00eache pas d\u2019aimer la couleur rose\u00a0!).<\/p><p><strong>\u00c9tat d\u2019esprit<\/strong>\u00a0: par moments, la nostalgie la submerge\u00a0car sa m\u00e8re lui manque beaucoup, de m\u00eame que la terre africaine et ses amies l\u00e0-bas, au Kenya.\u00a0 Pour garder le moral, elle \u00e9crit de la po\u00e9sie, un journal intime et s\u2019occupe des animaux de Valr\u00eave.\u00a0 Aucune b\u00eate ne l\u2019impressionne, elle parle leur langage.<\/p><p><strong>Signes distinctifs<\/strong><em>\u00a0:\u00a0<\/em>pratique l\u2019\u00e9quitation \u00e0 cru et a un chat tigr\u00e9 appel\u00e9\u00a0<em>Yakou<\/em>.<\/p><p><strong>Dans la vie<\/strong><em>\u00a0:\u00a0<\/em>Izia est solitaire, plut\u00f4t artiste dans l\u2019\u00e2me, mais elle a aussi envie d\u2019avoir de nouveaux camarades. Elle rencontre Kenji, le neveu de Marco (l\u2019un des soigneurs animaliers de Valr\u00eave), et tous deux deviennent ins\u00e9parables. Au coll\u00e8ge, Izia est beaucoup trop gentille\u2026<\/p><\/div>\t\t\t\t\t<\/div>\n\t\t\t\t\t\t<\/div>\n\t\t\t\t<\/div>\n\t\t\t\t\t\t<\/div>\n\t\t\t\t\t<\/div>\n\t\t<\/div>\n\t\t\t\t<div class=\"elementor-column elementor-col-50 elementor-top-column elementor-element elementor-element-5da3d61 elementor-invisible\" data-id=\"5da3d61\" data-element_type=\"column\" data-settings=\"{&quot;animation&quot;:&quot;fadeIn&quot;}\">\n\t\t\t<div class=\"elementor-column-wrap elementor-element-populated\">\n\t\t\t\t\t\t\t<div class=\"elementor-widget-wrap\">\n\t\t\t\t\t\t<div class=\"elementor-element elementor-element-ec9dbfd animated-slow elementor-invisible elementor-widget elementor-widget-text-editor\" data-id=\"ec9dbfd\" data-element_type=\"widget\" data-settings=\"{&quot;_animation&quot;:&quot;fadeIn&quot;}\" data-widget_type=\"text-editor.default\">\n\t\t\t\t<div class=\"elementor-widget-container\">\n\t\t\t\t\t\t\t\t<div class=\"elementor-text-editor elementor-clearfix\">\n\t\t\t\t\t<div style=\"text-align: justify;\"><p><b>\u00c2ge<\/b>\u00a0: \u00a014 ans.<\/p><p><b>Caract\u00e8re\u00a0:\u00a0<\/b>a de l\u2019humour et un fond m\u00e9lancolique qu\u2019il essaie de masquer en faisant de blagues et en \u00e9tant provocateur. Il refoule son chagrin suite \u00e0 la mort de sa m\u00e8re survenue quand il avait 12 ans). Audacieux, t\u00e9m\u00e9raire, il n\u2019a peur de rien ni de personne.<\/p><p><b>\u00c9tat d\u2019esprit<\/b>\u00a0: se sent tr\u00e8s proches des animaux sauvages, comme sa s\u0153ur Izia avec laquelle il s\u2019entend tr\u00e8s bien. Tous deux sont d\u2019ailleurs \u00e9trangement connect\u00e9s. Jawau ne supporte pas d\u2019\u00eatre enferm\u00e9, et en classe, c\u2019est difficile. Gr\u00e2ce au sport, il se fait rapidement des amis.<\/p><p><b>Signes distinctifs<\/b>\u00a0: pratique la course \u00e0 pied et se prom\u00e8ne avec son l\u00e9murien Bakota sur l\u2019\u00e9paule.<\/p><p><b>Dans la vie\u00a0<\/b>: Jawau r\u00eave de devenir soigneur animalier ou v\u00e9t\u00e9rinaire. Il s\u2019occupe facilement des \u00e9l\u00e9phants et des lions avec lesquels il a un \u00ab\u00a0feeling\u00a0\u00bb particulier. Cependant du mal \u00e0 se concentrer sur ses \u00e9tudes, et pr\u00e9f\u00e8re \u00eatre sur le terrain\u2026<\/p><\/div>\t\t\t\t\t<\/div>\n\t\t\t\t\t\t<\/div>\n\t\t\t\t<\/div>\n\t\t\t\t\t\t<\/div>\n\t\t\t\t\t<\/div>\n\t\t<\/div>\n\t\t\t\t\t\t\t\t<\/div>\n\t\t\t\t\t<\/div>\n\t\t<\/section>\n\t\t\t\t<section class=\"elementor-section elementor-top-section elementor-element elementor-element-cb81e2f elementor-section-boxed elementor-section-height-default elementor-section-height-default\" data-id=\"cb81e2f\" data-element_type=\"section\">\n\t\t\t\t\t\t<div class=\"elementor-container elementor-column-gap-default\">\n\t\t\t\t\t\t\t<div class=\"elementor-row\">\n\t\t\t\t\t<div class=\"elementor-column elementor-col-100 elementor-top-column elementor-element elementor-element-c11e66b\" data-id=\"c11e66b\" data-element_type=\"column\">\n\t\t\t<div class=\"elementor-column-wrap elementor-element-populated\">\n\t\t\t\t\t\t\t<div class=\"elementor-widget-wrap\">\n\t\t\t\t\t\t<div class=\"elementor-element elementor-element-ca3be64 elementor-widget elementor-widget-spacer\" data-id=\"ca3be64\" data-element_type=\"widget\" data-widget_type=\"spacer.default\">\n\t\t\t\t<div class=\"elementor-widget-container\">\n\t\t\t\t\t<div class=\"elementor-spacer\">\n\t\t\t<div class=\"elementor-spacer-inner\"><\/div>\n\t\t<\/div>\n\t\t\t\t<\/div>\n\t\t\t\t<\/div>\n\t\t\t\t\t\t<\/div>\n\t\t\t\t\t<\/div>\n\t\t<\/div>\n\t\t\t\t\t\t\t\t<\/div>\n\t\t\t\t\t<\/div>\n\t\t<\/section>\n\t\t\t\t<section class=\"elementor-section elementor-top-section elementor-element elementor-element-902930f elementor-section-stretched elementor-section-boxed elementor-section-height-default elementor-section-height-default\" data-id=\"902930f\" data-element_type=\"section\" data-settings=\"{&quot;stretch_section&quot;:&quot;section-stretched&quot;}\">\n\t\t\t\t\t\t<div class=\"elementor-container elementor-column-gap-default\">\n\t\t\t\t\t\t\t<div class=\"elementor-row\">\n\t\t\t\t\t<div class=\"elementor-column elementor-col-33 elementor-top-column elementor-element elementor-element-64ae238\" data-id=\"64ae238\" data-element_type=\"column\">\n\t\t\t<div class=\"elementor-column-wrap elementor-element-populated\">\n\t\t\t\t\t\t\t<div class=\"elementor-widget-wrap\">\n\t\t\t\t\t\t<div class=\"elementor-element elementor-element-c886280 elementor-widget elementor-widget-heading\" data-id=\"c886280\" data-element_type=\"widget\" data-widget_type=\"heading.default\">\n\t\t\t\t<div class=\"elementor-widget-container\">\n\t\t\t<h3 class=\"elementor-heading-title elementor-size-default\">Kenji<\/h3>\t\t<\/div>\n\t\t\t\t<\/div>\n\t\t\t\t<div class=\"elementor-element elementor-element-14293f5 elementor-invisible elementor-widget elementor-widget-text-editor\" data-id=\"14293f5\" data-element_type=\"widget\" data-settings=\"{&quot;_animation&quot;:&quot;fadeInLeft&quot;}\" data-widget_type=\"text-editor.default\">\n\t\t\t\t<div class=\"elementor-widget-container\">\n\t\t\t\t\t\t\t\t<div class=\"elementor-text-editor elementor-clearfix\">\n\t\t\t\t\t<div style=\"text-align: justify;\"><p><strong>\u00c2ge\u00a0<\/strong>: 12 ans<\/p><p><strong>Caract\u00e8re<em>\u00a0:<\/em><\/strong>\u00a0optimiste et d\u00e9termin\u00e9. Audacieux.<\/p><p><strong>\u00c9tat d\u2019esprit<\/strong>\u00a0: Kenji traverse des moments difficiles (chez lui, l\u2019ambiance est tendue. Sa grande s\u0153ur, Capucine, fugue\u2026), mais comme Izia et Jawau, il oublie ses probl\u00e8mes en aidant les soigneurs et en s\u2019occupant \u00e0 Valr\u00eave\u00a0: il transmet des messages, rend service\u2026 et devient peu \u00e0 peu tr\u00e8s ami avec Izia. Il a l\u2019impression de la conna\u00eetre depuis toujours.<\/p><p><strong>Signes distinctifs<\/strong>\u00a0: agile, rapide,\u00a0 il fait du foot et du hand. \u00a0Il est observateur\u2026 et passionn\u00e9 d\u2019animaux, ce qui est essentiel pour s\u2019entendre avec Izia\u00a0!<\/p><p><strong>Dans la vie<\/strong>\u00a0: Kenji habite \u00e0 Tourlon (la petite ville \u00e0 c\u00f4t\u00e9 de Valr\u00eave), dans une petite maison du quartier des Aigles. Il\u00a0 a un berger allemand appel\u00e9 Skill, qu\u2019il adore. Avec son oncle Marco (soigneur \u00e0 Valr\u00eave), il l\u2019emm\u00e8ne \u00e0 des s\u00e9ances d\u2019\u00e9ducation canine.<\/p><\/div>\t\t\t\t\t<\/div>\n\t\t\t\t\t\t<\/div>\n\t\t\t\t<\/div>\n\t\t\t\t\t\t<\/div>\n\t\t\t\t\t<\/div>\n\t\t<\/div>\n\t\t\t\t<div class=\"elementor-column elementor-col-33 elementor-top-column elementor-element elementor-element-6c31c33\" data-id=\"6c31c33\" data-element_type=\"column\">\n\t\t\t<div class=\"elementor-column-wrap elementor-element-populated\">\n\t\t\t\t\t\t\t<div class=\"elementor-widget-wrap\">\n\t\t\t\t\t\t<div class=\"elementor-element elementor-element-1da036b elementor-widget elementor-widget-heading\" data-id=\"1da036b\" data-element_type=\"widget\" data-widget_type=\"heading.default\">\n\t\t\t\t<div class=\"elementor-widget-container\">\n\t\t\t<h3 class=\"elementor-heading-title elementor-size-default\">Bastien alias loop<\/h3>\t\t<\/div>\n\t\t\t\t<\/div>\n\t\t\t\t<div class=\"elementor-element elementor-element-f93b32f animated-slow elementor-invisible elementor-widget elementor-widget-text-editor\" data-id=\"f93b32f\" data-element_type=\"widget\" data-settings=\"{&quot;_animation&quot;:&quot;fadeIn&quot;}\" data-widget_type=\"text-editor.default\">\n\t\t\t\t<div class=\"elementor-widget-container\">\n\t\t\t\t\t\t\t\t<div class=\"elementor-text-editor elementor-clearfix\">\n\t\t\t\t\t<div style=\"text-align: justify;\"><p><strong>\u00c2ge<\/strong>\u00a0: 15 ans<\/p><p><strong>\u00c9tat d\u2019esprit<\/strong>\u00a0: Loop, qui a redoubl\u00e9 sa 3<sup>\u00e8me<\/sup>, est provocateur, parfois (franchement) bagarreur.<\/p><p><strong>Signes distinctifs<\/strong>\u00a0: muscl\u00e9, trapu, pas tr\u00e8s grand, il a les cheveux coup\u00e9s ultra courts et un anneau \u00e0 l\u2019oreille. Cette apparence un peu intimidante masque un c\u0153ur tendre.<\/p><p><strong>Dans la vie<\/strong>\u00a0: Loop est marqu\u00e9 par ce qui est arriv\u00e9 \u00e0 son p\u00e8re, autrefois dresseur de chevaux pour un cirque, aujourd\u2019hui sans travail. Comme Izia, Loop a un faible pour les \u00e9quid\u00e9s, tous, \u00e2nes ou chevaux qu\u2019il sait mener et monter \u00e0 cru. Loop a une demi-s\u0153ur, Lou, qui attire l\u2019attention de Jawau\u2026<\/p><\/div>\t\t\t\t\t<\/div>\n\t\t\t\t\t\t<\/div>\n\t\t\t\t<\/div>\n\t\t\t\t\t\t<\/div>\n\t\t\t\t\t<\/div>\n\t\t<\/div>\n\t\t\t\t<div class=\"elementor-column elementor-col-33 elementor-top-column elementor-element elementor-element-b17ac47\" data-id=\"b17ac47\" data-element_type=\"column\">\n\t\t\t<div class=\"elementor-column-wrap elementor-element-populated\">\n\t\t\t\t\t\t\t<div class=\"elementor-widget-wrap\">\n\t\t\t\t\t\t<div class=\"elementor-element elementor-element-75637f7 elementor-widget elementor-widget-heading\" data-id=\"75637f7\" data-element_type=\"widget\" data-widget_type=\"heading.default\">\n\t\t\t\t<div class=\"elementor-widget-container\">\n\t\t\t<h3 class=\"elementor-heading-title elementor-size-default\">Vicki<\/h3>\t\t<\/div>\n\t\t\t\t<\/div>\n\t\t\t\t<div class=\"elementor-element elementor-element-9413bba elementor-invisible elementor-widget elementor-widget-text-editor\" data-id=\"9413bba\" data-element_type=\"widget\" data-settings=\"{&quot;_animation&quot;:&quot;fadeInRight&quot;}\" data-widget_type=\"text-editor.default\">\n\t\t\t\t<div class=\"elementor-widget-container\">\n\t\t\t\t\t\t\t\t<div class=\"elementor-text-editor elementor-clearfix\">\n\t\t\t\t\t<div style=\"text-align: justify;\"><p><strong>\u00c2ge<\/strong>\u00a0: 13 ans<\/p><p><strong>\u00c9tat d\u2019esprit<\/strong>\u00a0: Victoria, qui se fait appeler Vicky,\u00a0 soigne son apparence (elle passe des heures \u00e0 lisser ses longs cheveux bruns). Elle est plut\u00f4t mal dans sa peau mais fait semblant d\u2019\u00eatre s\u00fbre d\u2019elle. Elle a l\u2019impression que tout va mal depuis le divorce de ses parents. Son grand fr\u00e8re a quitt\u00e9 la maison apr\u00e8s avoir eu son bac, et Vicky voit peu sa m\u00e8re, aide-soignante \u00e0 l\u2019h\u00f4pital de Tourlon. Encore moins son p\u00e8re. Elle a besoin de preuves d\u2019affection. Elle aimerait devenir amie avec Izia\u2026 qu\u2019elle jalouse malgr\u00e9 elle.<\/p><p><strong>Signes distinctifs<\/strong>\u00a0: bagues dentaires et v\u00eatements roses, \u00e9couteurs autour du cou, baskets rose fluo, Vicky se veut r\u00e9solument\u00a0\u00ab\u00a0fra\u00eeche\u00a0\u00bb. En secret, elle aimerait devenir comme Izia\u2026<\/p><p><strong>Dans la vie<\/strong>\u00a0: Vicky habite \u00e0 Tourlon, dans un appartement qu\u2019elle partage avec sa m\u00e8re. Celle-ci refuse qu\u2019il y ait le moindre animal chez elles, m\u00eame pas des poissons rouges. Vicky va commencer \u00e0 ruer dans les brancards\u2026<\/p><\/div>\t\t\t\t\t<\/div>\n\t\t\t\t\t\t<\/div>\n\t\t\t\t<\/div>\n\t\t\t\t\t\t<\/div>\n\t\t\t\t\t<\/div>\n\t\t<\/div>\n\t\t\t\t\t\t\t\t<\/div>\n\t\t\t\t\t<\/div>\n\t\t<\/section>\n\t\t\t\t\t\t<\/div>\n\t\t\t\t\t\t<\/div>\n\t\t\t\t\t<\/div>\n\t\t","protected":false},"excerpt":{"rendered":"<p>Les personnages Izia Beaucaire Jawau Beaucaire \u00c2ge&nbsp;: &nbsp;12 ans. Caract\u00e8re&nbsp;: rebelle, contemplative et un peu gar\u00e7on manqu\u00e9 (ce qui ne l\u2019emp\u00eache pas d\u2019aimer la couleur rose&nbsp;!). \u00c9tat d\u2019esprit&nbsp;: par moments, la nostalgie la submerge&nbsp;car sa m\u00e8re lui manque beaucoup, de m\u00eame que la terre africaine et ses amies l\u00e0-bas, au Kenya.&nbsp; Pour garder le moral, [&hellip;]<\/p>\n","protected":false},"author":1,"featured_media":0,"parent":443,"menu_order":0,"comment_status":"closed","ping_status":"closed","template":"","meta":{"ngg_post_thumbnail":0,"spay_email":""},"jetpack_sharing_enabled":true,"jetpack_shortlink":"https:\/\/wp.me\/PamNou-7u","_links":{"self":[{"href":"https:\/\/www.deslionsetdeshommes.com\/index.php\/wp-json\/wp\/v2\/pages\/464"}],"collection":[{"href":"https:\/\/www.deslionsetdeshommes.com\/index.php\/wp-json\/wp\/v2\/pages"}],"about":[{"href":"https:\/\/www.deslionsetdeshommes.com\/index.php\/wp-json\/wp\/v2\/types\/page"}],"author":[{"embeddable":true,"href":"https:\/\/www.deslionsetdeshommes.com\/index.php\/wp-json\/wp\/v2\/users\/1"}],"replies":[{"embeddable":true,"href":"https:\/\/www.deslionsetdeshommes.com\/index.php\/wp-json\/wp\/v2\/comments?post=464"}],"version-history":[{"count":3,"href":"https:\/\/www.deslionsetdeshommes.com\/index.php\/wp-json\/wp\/v2\/pages\/464\/revisions"}],"predecessor-version":[{"id":471,"href":"https:\/\/www.deslionsetdeshommes.com\/index.php\/wp-json\/wp\/v2\/pages\/464\/revisions\/471"}],"up":[{"embeddable":true,"href":"https:\/\/www.deslionsetdeshommes.com\/index.php\/wp-json\/wp\/v2\/pages\/443"}],"wp:attachment":[{"href":"https:\/\/www.deslionsetdeshommes.com\/index.php\/wp-json\/wp\/v2\/media?parent=464"}],"curies":[{"name":"wp","href":"https:\/\/api.w.org\/{rel}","templated":true}]}}