{"id":52,"date":"2017-08-03T14:39:22","date_gmt":"2017-08-03T12:39:22","guid":{"rendered":"http:\/\/www.deslionsetdeshommes.com\/?page_id=52"},"modified":"2019-05-25T23:20:48","modified_gmt":"2019-05-25T21:20:48","slug":"le-coin-des-lecteurs","status":"publish","type":"page","link":"https:\/\/www.deslionsetdeshommes.com\/index.php\/le-coin-des-lecteurs\/","title":{"rendered":"Le coin des lecteurs"},"content":{"rendered":"<h2>Concours de dessin<\/h2>\n<p>Envoyez-nous vos plus beaux dessins sur &#8220;Des lions et des hommes&#8221; !<br \/>\nAdresse :<br \/>\nFleurus \u00e9ditions<br \/>\nPour Anna G<br \/>\n57, rue Gaston Tessier<br \/>\nCS 50061<br \/>\n75166 Paris Cedex 19<\/p>\n<h4>Galerie<\/h4>\n<figure id=\"attachment_203\" aria-describedby=\"caption-attachment-203\" style=\"width: 300px\" class=\"wp-caption alignnone\"><img decoding=\"async\" loading=\"lazy\" class=\"wp-image-203 size-medium\" src=\"http:\/\/www.deslionsetdeshommes.com\/wp-content\/uploads\/2017\/08\/Izia-300x212.jpg\" alt=\"\" width=\"300\" height=\"212\" srcset=\"https:\/\/www.deslionsetdeshommes.com\/wp-content\/uploads\/2017\/08\/Izia-300x212.jpg 300w, https:\/\/www.deslionsetdeshommes.com\/wp-content\/uploads\/2017\/08\/Izia-768x542.jpg 768w, https:\/\/www.deslionsetdeshommes.com\/wp-content\/uploads\/2017\/08\/Izia-1024x723.jpg 1024w, https:\/\/www.deslionsetdeshommes.com\/wp-content\/uploads\/2017\/08\/Izia.jpg 2048w\" sizes=\"(max-width: 300px) 100vw, 300px\" \/><figcaption id=\"caption-attachment-203\" class=\"wp-caption-text\">Izia, par une lectrice fan de loups.<\/figcaption><\/figure>\n<h2><\/h2>\n<h2>Ces romans ont obtenu le Prix Jeunes Lecteurs 2019 au salon du livre de la Saussaye. Et toi, tu as aim\u00e9 &#8220;Des lions et des hommes&#8221; ?<\/h2>\n<div class=\"gwolle-gb\"><div class=\"gwolle_gb_messages_top_container\"><\/div>\n\t\t\t<div class=\"gwolle-gb-write-button\">\n\t\t\t\t<input type=\"button\" name=\"gwolle-gb-write-button\" class=\"button btn btn-default \" value=\"&raquo; \u00c9crire un nouveau message.\" \/>\n\t\t\t<\/div>\n\t\t\t<form action=\"#\" method=\"POST\" class=\"gwolle-gb-write gwolle-gb-hide gwolle-gb-float gwolle_gb_form_ajax gwolle-gb-form-ajax\">\n\t\t\t\t<h3>\u00c9crivez un nouveau message dans le livre d\u2019or<\/h3>\n\t\t\t\t<button type=\"button\" class=\"gb-notice-dismiss\">x<span class=\"screen-reader-text\">Masquer ce formulaire.<\/span><\/button>\n\t\t\t\n\t\t\t\t<input type=\"hidden\" name=\"gwolle_gb_function\" class=\"gwolle_gb_function\" value=\"add_entry\" \/><input type=\"hidden\" name=\"gwolle_gb_book_id\" class=\"gwolle_gb_book_id\" value=\"1\" \/><div class=\"gwolle_gb_fbc271e4575b2a6854ec575573cadb29\">\n\t\t\t\t<div class=\"label\"><label for=\"gwolle_gb_fbc271e4575b2a6854ec575573cadb29\" class=\"text-info\">Nom *<\/label><\/div>\n\t\t\t\t<div class=\"input\"><input class=\"wp-exclude-emoji gwolle_gb_fbc271e4575b2a6854ec575573cadb29\" value=\"\" type=\"text\" name=\"gwolle_gb_fbc271e4575b2a6854ec575573cadb29\" required \/><\/div>\n\t\t\t<\/div>\n\t\t\t<div class=\"clearBoth\">&nbsp;<\/div><div class=\"gwolle_gb_c7015b131dde0eeec42eae64ff4b25f6\">\n\t\t\t\t\t<div class=\"label\"><label for=\"gwolle_gb_c7015b131dde0eeec42eae64ff4b25f6\" class=\"text-info\">Ville<\/label><\/div>\n\t\t\t\t\t<div class=\"input\"><input class=\"wp-exclude-emoji gwolle_gb_c7015b131dde0eeec42eae64ff4b25f6\" value=\"\" type=\"text\" name=\"gwolle_gb_c7015b131dde0eeec42eae64ff4b25f6\" \/><\/div>\n\t\t\t\t<\/div>\n\t\t\t\t<div class=\"clearBoth\">&nbsp;<\/div><div class=\"gwolle_gb_e175bc60ff79fdab5116c4914b8e2a33\">\n\t\t\t\t<div class=\"label\"><label for=\"gwolle_gb_e175bc60ff79fdab5116c4914b8e2a33\" class=\"text-info\">E-mail *<\/label><\/div>\n\t\t\t\t<div class=\"input\"><input class=\"gwolle_gb_e175bc60ff79fdab5116c4914b8e2a33\" value=\"\" type=\"email\" name=\"gwolle_gb_e175bc60ff79fdab5116c4914b8e2a33\" required \/><\/div>\n\t\t\t<\/div>\n\t\t\t<div class=\"clearBoth\">&nbsp;<\/div><div class=\"gwolle_gb_ee77b0abc7b73baefc5c68dca8b588f1\">\n\t\t\t\t<div class=\"label\"><label for=\"gwolle_gb_ee77b0abc7b73baefc5c68dca8b588f1\" class=\"text-info\">Site web<\/label><\/div>\n\t\t\t\t<div class=\"input\"><input class=\"gwolle_gb_ee77b0abc7b73baefc5c68dca8b588f1\" value=\"\" type=\"url\" name=\"gwolle_gb_ee77b0abc7b73baefc5c68dca8b588f1\" \/><\/div>\n\t\t\t<\/div>\n\t\t\t<div class=\"clearBoth\">&nbsp;<\/div>\n\t\t\t<div class=\"gwolle_gb_73ed1288b00c9774dcdb1ce3a1ffc240\" style=\"display:none;\">\n\t\t\t\t<div class=\"label\">\n\t\t\t\t\t<label for=\"gwolle_gb_73ed1288b00c9774dcdb1ce3a1ffc240\" class=\"text-primary\">Ne touchez pas \u00e0 ceci<\/label>\n\t\t\t\t\t<label for=\"gwolle_gb_565b30acee0bbcebee6c78a0c64f7ede\" class=\"text-primary\">Ne touchez pas \u00e0 ceci<\/label>\n\t\t\t\t<\/div>\n\t\t\t\t<div class=\"input\">\n\t\t\t\t\t<input value=\"41\" type=\"text\" name=\"gwolle_gb_73ed1288b00c9774dcdb1ce3a1ffc240\" class=\"gwolle_gb_73ed1288b00c9774dcdb1ce3a1ffc240\" \/>\n\t\t\t\t\t<input value=\"\" type=\"text\" name=\"gwolle_gb_565b30acee0bbcebee6c78a0c64f7ede\" class=\"gwolle_gb_565b30acee0bbcebee6c78a0c64f7ede\" \/>\n\t\t\t\t<\/div>\n\t\t\t<\/div>\n\t\t\t<div class=\"clearBoth\"><\/div>\n\t\t\t<div class=\"gwolle_gb_0c065630045d0d40d78e976e95b62e55\" style=\"display:none;\">\n\t\t\t\t<div class=\"label\">\n\t\t\t\t\t<label for=\"gwolle_gb_0c065630045d0d40d78e976e95b62e55\" class=\"text-primary\">Ne touchez pas \u00e0 ceci<\/label>\n\t\t\t\t\t<label for=\"gwolle_gb_aa1e22f781bbdb9ab8d2308fcc1aee8a\" class=\"text-primary\">Ne touchez pas \u00e0 ceci<\/label>\n\t\t\t\t<\/div>\n\t\t\t\t<div class=\"input\">\n\t\t\t\t\t<input value=\"49056\" type=\"text\" name=\"gwolle_gb_0c065630045d0d40d78e976e95b62e55\" class=\"gwolle_gb_0c065630045d0d40d78e976e95b62e55\" \/>\n\t\t\t\t\t<input value=\"49056\" type=\"text\" name=\"gwolle_gb_aa1e22f781bbdb9ab8d2308fcc1aee8a\" class=\"gwolle_gb_aa1e22f781bbdb9ab8d2308fcc1aee8a\" \/>\n\t\t\t\t<\/div>\n\t\t\t<\/div>\n\t\t\t<div class=\"clearBoth\"><\/div><div class=\"gwolle_gb_content\">\n\t\t\t\t<div class=\"label\"><label for=\"gwolle_gb_content\" class=\"text-info\">Message du livre d\u2019or *<\/label><\/div>\n\t\t\t\t<div class=\"input\"><textarea name=\"gwolle_gb_content\" class=\"gwolle_gb_content wp-exclude-emoji\" required ><\/textarea><\/div>\n\t\t\t\t<\/div>\n\t\t\t<div class=\"clearBoth\">&nbsp;<\/div><input type=\"hidden\" class=\"gwolle_gb_bd52d2132affd132610e1885399ae31e\" name=\"gwolle_gb_bd52d2132affd132610e1885399ae31e\" value=\"c95829e4dd\" \/>\n\t\t\t<div class=\"gwolle_gb_messages_bottom_container\"><\/div>\n\n\t\t\t<noscript><div class=\"no-js\">Avertissement\u00a0: Ce formulaire ne peut \u00eatre utilis\u00e9 que si JavaScript est activ\u00e9 dans votre navigateur.<\/div><\/noscript>\n\n\t\t\t<div class=\"gwolle_gb_submit\">\n\t\t\t\t<div class=\"label gwolle-gb-invisible text-muted\">&nbsp;<\/div>\n\t\t\t\t<div class=\"input\">\n\t\t\t\t\t<input type=\"submit\" name=\"gwolle_gb_submit\" class=\"gwolle_gb_submit button btn btn-primary \" value=\"Envoyer\" \/>\n\t\t\t\t\t<span class=\"gwolle_gb_submit_ajax_icon\"><\/span>\n\t\t\t\n\t\t\t\t<\/div>\n\t\t\t<\/div>\n\t\t\t<div class=\"clearBoth\">&nbsp;<\/div>\n\n\t\t\t<div class=\"gwolle_gb_notice\">\n\t\t\t\t<br \/>\nLes champs marqu\u00e9s avec un * sont obligatoires.<br \/>\nVotre adresse e-mail ne sera pas publi\u00e9e.<br \/>\nIl se pourrait que votre message n\u2019apparaisse dans le livre d\u2019or qu\u2019apr\u00e8s que nous l\u2019ayons v\u00e9rifi\u00e9.<br \/>\nNous nous r\u00e9servons le droit de modifier, de supprimer, ou de ne pas publier les messages.<br \/>\n\n\t\t\t<\/div><\/form><div class=\"gwolle-gb-read \" data-book_id=\"1\"><div id=\"gwolle-gb-total\">6 messages.<\/div><!-- Gwolle-GB Entry: Default Template Loaded -->\n\t\t\t\t<div class=\"gb-entry gb-entry_6 gb-entry-count_1 gwolle_gb_uneven gwolle-gb-uneven gwolle_gb_first gwolle-gb-first\">\n\t\t\t\t<article>\n\t\t\t\t\t<div class=\"gb-author-info\">\n\t\t\t\t\t\t<span class=\"gb-author-avatar\"><img referrerpolicy=\"no-referrer\" alt='DUMANS-ROCHET' src='https:\/\/secure.gravatar.com\/avatar\/203c4430f208b200d31ed10d6ad69f46?s=32&#038;d=mm&#038;r=g' srcset='https:\/\/secure.gravatar.com\/avatar\/203c4430f208b200d31ed10d6ad69f46?s=64&#038;d=mm&#038;r=g 2x' class='avatar avatar-32 photo' height='32' width='32' loading='lazy' decoding='async'\/><\/span>\n\t\t\t\t\t\t<span class=\"gb-author-name\">DUMANS-ROCHET\n\t\t\t\t\t\t<\/span>\n\t\t\t\t\t\t<span class=\"gb-author-origin\">\n\t\t\t\t\t\t\t<span class=\"gb-author-origin-from-text\"> de<\/span>\n\t\t\t\t\t\t\t<span class=\"gb-author-origin-text\"> saint mars de locquenay<\/span>\n\t\t\t\t\t\t<\/span>\n\t\t\t\t\t\t<span class=\"gb-datetime\">\n\t\t\t\t\t\t\t<span class=\"gb-date\"><span class=\"gb-date-wrote-text\"> a \u00e9crit le<\/span><span class=\"gb-date-text\"> 23 septembre 2019<\/span>\n\t\t\t\t\t\t\t<\/span><span class=\"gb-time\">\n\t\t\t\t\t\t\t\t\t<span class=\"gb-time-at-text\"> \u00e0<\/span>\n\t\t\t\t\t\t\t\t\t<span class=\"gb-time-text\"> 7 h 26 min<\/span>\n\t\t\t\t\t\t\t\t<\/span>\n\t\t\t\t\t\t<\/span> \n\t\t\t\t\t<\/div>\n\t\t\t\t\t<div class=\"gb-entry-content\">Bonjour, j&#039;ai lu les deux premiers tomes que j&#039;ai ador\u00e9 et il n&#039;y aura pas de 3\u00e8me tome comment puis-je le lire? Merci beaucoup pour cette belle histoire qui m&#039;a fait r\u00eaver car j&#039;adore les animaux et je voudrais \u00eatre v\u00e9t\u00e9rinaire plus tard. HUGO\n\t\t\t\t\t<\/div>\n\t\t\t\t\t<div class=\"gb-entry-admin_reply\">\n\t\t\t\t\t\t<div class=\"gb-admin_reply_uid gb-admin-reply-uid\">\n\t\t\t\t\t\t\t<em>R\u00e9ponse d\u2019administrateur par\u00a0: A.JournoDurey<\/em>\n\t\t\t\t\t\t<\/div> \n\t\t\t\t\t\t<div class=\"gb-admin_reply_content gb-admin-reply-content\">\n\t\t\t\t\t\tBonjour,\r\n\r\nJe suis d\u00e9sol\u00e9e de voir ce message seulement aujourd&#039;hui... Non, malheureusement, pas de tome3. Les \u00e9ditions Fleurus n&#039;ont pas souhait\u00e9 publier de trilogie. Mais j&#039;ai propos\u00e9 la fin sur ce site, sous forme de nouvelle. J&#039;esp\u00e8re que Hugo a pu la lire...\r\nAnouk\n\t\t\t\t\t\t<\/div>\n\t\t\t\t\t<\/div>\n\t\t\t\t<\/article>\n\t\t\t<\/div>\n\t\t\t<div class=\"gb-entry gb-entry_5 gb-entry-count_2 gwolle_gb_even gwolle-gb-even\">\n\t\t\t\t<article>\n\t\t\t\t\t<div class=\"gb-author-info\">\n\t\t\t\t\t\t<span class=\"gb-author-avatar\"><img referrerpolicy=\"no-referrer\" alt='A.JournoDurey' src='https:\/\/secure.gravatar.com\/avatar\/27ffd8c9a57c6a181c22c52af75c882e?s=32&#038;d=mm&#038;r=g' srcset='https:\/\/secure.gravatar.com\/avatar\/27ffd8c9a57c6a181c22c52af75c882e?s=64&#038;d=mm&#038;r=g 2x' class='avatar avatar-32 photo' height='32' width='32' loading='lazy' decoding='async'\/><\/span>\n\t\t\t\t\t\t<span class=\"gb-author-name\"><a href=\"http:\/\/www.deslionsetdeshommes.com\" target=\"_blank\" rel=\"nofollow noopener noreferrer\"\n\t\t\t\t\t\t\ttitle=\"Visiter le site web de  A.JournoDurey: http:\/\/www.deslionsetdeshommes.com\"><i class=\"gb-moderator\">A.JournoDurey<\/i><\/a>\n\t\t\t\t\t\t<\/span>\n\t\t\t\t\t\t<span class=\"gb-datetime\">\n\t\t\t\t\t\t\t<span class=\"gb-date\"><span class=\"gb-date-wrote-text\"> a \u00e9crit le<\/span><span class=\"gb-date-text\"> 10 avril 2019<\/span>\n\t\t\t\t\t\t\t<\/span><span class=\"gb-time\">\n\t\t\t\t\t\t\t\t\t<span class=\"gb-time-at-text\"> \u00e0<\/span>\n\t\t\t\t\t\t\t\t\t<span class=\"gb-time-text\"> 13 h 51 min<\/span>\n\t\t\t\t\t\t\t\t<\/span>\n\t\t\t\t\t\t<\/span> \n\t\t\t\t\t<\/div>\n\t\t\t\t\t<div class=\"gb-entry-content\">Bonjour \u00e0 mes lecteurs,\r\n\r\nLe tome 3 ne para\u00eetra pas... Mais vous aurez la fin de l&#039;histoire sur ce site. S&#039;il n&#039;y a pas de livre, c&#039;est vraiment ind\u00e9pendant de ma volont\u00e9... Un probl\u00e8me technique, dirons-nous ! Cependant, ici, bient\u00f4t, sera publi\u00e9e une nouvelle illustr\u00e9e vous racontant le plus important concernant Valr\u00eave. Merci de votre patience...\n\t\t\t\t\t<\/div>\n\t\t\t\t<\/article>\n\t\t\t<\/div>\n\t\t\t<div class=\"gb-entry gb-entry_4 gb-entry-count_3 gwolle_gb_uneven gwolle-gb-uneven\">\n\t\t\t\t<article>\n\t\t\t\t\t<div class=\"gb-author-info\">\n\t\t\t\t\t\t<span class=\"gb-author-avatar\"><img referrerpolicy=\"no-referrer\" alt='Miousset Florian' src='https:\/\/secure.gravatar.com\/avatar\/ed283f24d6fce529ba9413eea79db94e?s=32&#038;d=mm&#038;r=g' srcset='https:\/\/secure.gravatar.com\/avatar\/ed283f24d6fce529ba9413eea79db94e?s=64&#038;d=mm&#038;r=g 2x' class='avatar avatar-32 photo' height='32' width='32' loading='lazy' decoding='async'\/><\/span>\n\t\t\t\t\t\t<span class=\"gb-author-name\">Miousset Florian\n\t\t\t\t\t\t<\/span>\n\t\t\t\t\t\t<span class=\"gb-author-origin\">\n\t\t\t\t\t\t\t<span class=\"gb-author-origin-from-text\"> de<\/span>\n\t\t\t\t\t\t\t<span class=\"gb-author-origin-text\"> Eaubonne<\/span>\n\t\t\t\t\t\t<\/span>\n\t\t\t\t\t\t<span class=\"gb-datetime\">\n\t\t\t\t\t\t\t<span class=\"gb-date\"><span class=\"gb-date-wrote-text\"> a \u00e9crit le<\/span><span class=\"gb-date-text\"> 23 octobre 2018<\/span>\n\t\t\t\t\t\t\t<\/span><span class=\"gb-time\">\n\t\t\t\t\t\t\t\t\t<span class=\"gb-time-at-text\"> \u00e0<\/span>\n\t\t\t\t\t\t\t\t\t<span class=\"gb-time-text\"> 19 h 11 min<\/span>\n\t\t\t\t\t\t\t\t<\/span>\n\t\t\t\t\t\t<\/span> \n\t\t\t\t\t<\/div>\n\t\t\t\t\t<div class=\"gb-entry-content\">J&#039;ai beaucoup appr\u00e9ci\u00e9 les 2 livres que vous avez \u00e9crit ! J&#039;adore les animaux et tout particuli\u00e8rement les f\u00e9lins : ce livre m&#039;a donc beaucoup plu ! \r\nJe suis vraiment d\u00e9\u00e7u que le tome 3 ne sorte pas, j&#039;aimais beaucoup aim\u00e9 conna\u00eetre la fin de l&#039;histoire ! Que s&#039;est-il pass\u00e9 pour que vous ne le publiez pas ?\r\nEn tout cas, merci pour ces moments de distraction !\n\t\t\t\t\t<\/div>\n\t\t\t\t<\/article>\n\t\t\t<\/div>\n\t\t\t<div class=\"gb-entry gb-entry_3 gb-entry-count_4 gwolle_gb_even gwolle-gb-even\">\n\t\t\t\t<article>\n\t\t\t\t\t<div class=\"gb-author-info\">\n\t\t\t\t\t\t<span class=\"gb-author-avatar\"><img referrerpolicy=\"no-referrer\" alt='Alegre t\u00e9o' src='https:\/\/secure.gravatar.com\/avatar\/ef0b55c8709803cc4044bbb617c5f86b?s=32&#038;d=mm&#038;r=g' srcset='https:\/\/secure.gravatar.com\/avatar\/ef0b55c8709803cc4044bbb617c5f86b?s=64&#038;d=mm&#038;r=g 2x' class='avatar avatar-32 photo' height='32' width='32' loading='lazy' decoding='async'\/><\/span>\n\t\t\t\t\t\t<span class=\"gb-author-name\">Alegre t\u00e9o\n\t\t\t\t\t\t<\/span>\n\t\t\t\t\t\t<span class=\"gb-author-origin\">\n\t\t\t\t\t\t\t<span class=\"gb-author-origin-from-text\"> de<\/span>\n\t\t\t\t\t\t\t<span class=\"gb-author-origin-text\"> Caudebec les ebeuf<\/span>\n\t\t\t\t\t\t<\/span>\n\t\t\t\t\t\t<span class=\"gb-datetime\">\n\t\t\t\t\t\t\t<span class=\"gb-date\"><span class=\"gb-date-wrote-text\"> a \u00e9crit le<\/span><span class=\"gb-date-text\"> 16 octobre 2018<\/span>\n\t\t\t\t\t\t\t<\/span><span class=\"gb-time\">\n\t\t\t\t\t\t\t\t\t<span class=\"gb-time-at-text\"> \u00e0<\/span>\n\t\t\t\t\t\t\t\t\t<span class=\"gb-time-text\"> 19 h 48 min<\/span>\n\t\t\t\t\t\t\t\t<\/span>\n\t\t\t\t\t\t<\/span> \n\t\t\t\t\t<\/div>\n\t\t\t\t\t<div class=\"gb-entry-content\">Je suis en train de lire le tome 1 il est trop bien presser de le finir et de lire le tome 2 et presserde pouvpoir lire le tome 3 sur le site\n\t\t\t\t\t<\/div>\n\t\t\t\t<\/article>\n\t\t\t<\/div>\n\t\t\t<div class=\"gb-entry gb-entry_2 gb-entry-count_5 gwolle_gb_uneven gwolle-gb-uneven\">\n\t\t\t\t<article>\n\t\t\t\t\t<div class=\"gb-author-info\">\n\t\t\t\t\t\t<span class=\"gb-author-avatar\"><img referrerpolicy=\"no-referrer\" alt='lolobrodeuse' src='https:\/\/secure.gravatar.com\/avatar\/9016bd58dcce722c7ba7eb97cc8f2cd1?s=32&#038;d=mm&#038;r=g' srcset='https:\/\/secure.gravatar.com\/avatar\/9016bd58dcce722c7ba7eb97cc8f2cd1?s=64&#038;d=mm&#038;r=g 2x' class='avatar avatar-32 photo' height='32' width='32' loading='lazy' decoding='async'\/><\/span>\n\t\t\t\t\t\t<span class=\"gb-author-name\"><a href=\"http:\/\/pausepolars.canalblog.com\/archives\/2018\/02\/18\/36148374.html\" target=\"_blank\" rel=\"nofollow noopener noreferrer\"\n\t\t\t\t\t\t\ttitle=\"Visiter le site web de  lolobrodeuse: http:\/\/pausepolars.canalblog.com\/archives\/2018\/02\/18\/36148374.html\">lolobrodeuse<\/a>\n\t\t\t\t\t\t<\/span>\n\t\t\t\t\t\t<span class=\"gb-author-origin\">\n\t\t\t\t\t\t\t<span class=\"gb-author-origin-from-text\"> de<\/span>\n\t\t\t\t\t\t\t<span class=\"gb-author-origin-text\"> monneville<\/span>\n\t\t\t\t\t\t<\/span>\n\t\t\t\t\t\t<span class=\"gb-datetime\">\n\t\t\t\t\t\t\t<span class=\"gb-date\"><span class=\"gb-date-wrote-text\"> a \u00e9crit le<\/span><span class=\"gb-date-text\"> 18 f\u00e9vrier 2018<\/span>\n\t\t\t\t\t\t\t<\/span><span class=\"gb-time\">\n\t\t\t\t\t\t\t\t\t<span class=\"gb-time-at-text\"> \u00e0<\/span>\n\t\t\t\t\t\t\t\t\t<span class=\"gb-time-text\"> 14 h 28 min<\/span>\n\t\t\t\t\t\t\t\t<\/span>\n\t\t\t\t\t\t<\/span> \n\t\t\t\t\t<\/div>\n\t\t\t\t\t<div class=\"gb-entry-content\">H\u00e2te de d\u00e9couvrir le tome 2 pour plonger r\u00e9ellement dans l&#039;histoire\n\t\t\t\t\t<\/div>\n\t\t\t\t<\/article>\n\t\t\t<\/div>\n\t\t\t<div class=\"gb-entry gb-entry_1 gb-entry-count_6 gwolle_gb_even gwolle-gb-even\">\n\t\t\t\t<article>\n\t\t\t\t\t<div class=\"gb-author-info\">\n\t\t\t\t\t\t<span class=\"gb-author-avatar\"><img referrerpolicy=\"no-referrer\" alt='Aline' src='https:\/\/secure.gravatar.com\/avatar\/e63da16e60ea7f14409b42940f70a3c1?s=32&#038;d=mm&#038;r=g' srcset='https:\/\/secure.gravatar.com\/avatar\/e63da16e60ea7f14409b42940f70a3c1?s=64&#038;d=mm&#038;r=g 2x' class='avatar avatar-32 photo' height='32' width='32' loading='lazy' decoding='async'\/><\/span>\n\t\t\t\t\t\t<span class=\"gb-author-name\"><i class=\"gb-moderator\">Aline<\/i>\n\t\t\t\t\t\t<\/span>\n\t\t\t\t\t\t<span class=\"gb-author-origin\">\n\t\t\t\t\t\t\t<span class=\"gb-author-origin-from-text\"> de<\/span>\n\t\t\t\t\t\t\t<span class=\"gb-author-origin-text\"> Paris<\/span>\n\t\t\t\t\t\t<\/span>\n\t\t\t\t\t\t<span class=\"gb-datetime\">\n\t\t\t\t\t\t\t<span class=\"gb-date\"><span class=\"gb-date-wrote-text\"> a \u00e9crit le<\/span><span class=\"gb-date-text\"> 4 ao\u00fbt 2017<\/span>\n\t\t\t\t\t\t\t<\/span><span class=\"gb-time\">\n\t\t\t\t\t\t\t\t\t<span class=\"gb-time-at-text\"> \u00e0<\/span>\n\t\t\t\t\t\t\t\t\t<span class=\"gb-time-text\"> 11 h 01 min<\/span>\n\t\t\t\t\t\t\t\t<\/span>\n\t\t\t\t\t\t<\/span> \n\t\t\t\t\t<\/div>\n\t\t\t\t\t<div class=\"gb-entry-content\">Le livre n&#039;est pas encore sorti, mais j&#039;ai h\u00e2te, car je trouve la couverture magnifique !!\n\t\t\t\t\t<\/div>\n\t\t\t\t<\/article>\n\t\t\t<\/div>\n\t\t\t<\/div><\/div>\n","protected":false},"excerpt":{"rendered":"<p>Concours de dessin Envoyez-nous vos plus beaux dessins sur &#8220;Des lions et des hommes&#8221; ! Adresse : Fleurus \u00e9ditions Pour Anna G 57, rue Gaston Tessier CS 50061 75166 Paris Cedex 19 Galerie Ces romans ont obtenu le Prix Jeunes Lecteurs 2019 au salon du livre de la Saussaye. Et toi, tu as aim\u00e9 &#8220;Des [&hellip;]<\/p>\n","protected":false},"author":1,"featured_media":116,"parent":0,"menu_order":3,"comment_status":"closed","ping_status":"closed","template":"","meta":{"ngg_post_thumbnail":0,"spay_email":""},"jetpack_sharing_enabled":true,"jetpack_shortlink":"https:\/\/wp.me\/PamNou-Q","_links":{"self":[{"href":"https:\/\/www.deslionsetdeshommes.com\/index.php\/wp-json\/wp\/v2\/pages\/52"}],"collection":[{"href":"https:\/\/www.deslionsetdeshommes.com\/index.php\/wp-json\/wp\/v2\/pages"}],"about":[{"href":"https:\/\/www.deslionsetdeshommes.com\/index.php\/wp-json\/wp\/v2\/types\/page"}],"author":[{"embeddable":true,"href":"https:\/\/www.deslionsetdeshommes.com\/index.php\/wp-json\/wp\/v2\/users\/1"}],"replies":[{"embeddable":true,"href":"https:\/\/www.deslionsetdeshommes.com\/index.php\/wp-json\/wp\/v2\/comments?post=52"}],"version-history":[{"count":7,"href":"https:\/\/www.deslionsetdeshommes.com\/index.php\/wp-json\/wp\/v2\/pages\/52\/revisions"}],"predecessor-version":[{"id":505,"href":"https:\/\/www.deslionsetdeshommes.com\/index.php\/wp-json\/wp\/v2\/pages\/52\/revisions\/505"}],"wp:featuredmedia":[{"embeddable":true,"href":"https:\/\/www.deslionsetdeshommes.com\/index.php\/wp-json\/wp\/v2\/media\/116"}],"wp:attachment":[{"href":"https:\/\/www.deslionsetdeshommes.com\/index.php\/wp-json\/wp\/v2\/media?parent=52"}],"curies":[{"name":"wp","href":"https:\/\/api.w.org\/{rel}","templated":true}]}}